{"id":1465,"date":"2025-12-13T17:39:06","date_gmt":"2025-12-13T16:39:06","guid":{"rendered":"https:\/\/propono.fr\/?page_id=1465"},"modified":"2026-01-30T18:28:18","modified_gmt":"2026-01-30T17:28:18","slug":"contact","status":"publish","type":"page","link":"https:\/\/propono.fr\/index.php\/contact\/","title":{"rendered":"Contact"},"content":{"rendered":"\t\t<div data-elementor-type=\"wp-page\" data-elementor-id=\"1465\" class=\"elementor elementor-1465\">\n\t\t\t\t<div class=\"elementor-element elementor-element-15dabf5 e-flex e-con-boxed e-con e-parent\" data-id=\"15dabf5\" data-element_type=\"container\">\n\t\t\t\t\t<div class=\"e-con-inner\">\n\t\t\t\t<div class=\"elementor-element elementor-element-32c5492 elementor-widget elementor-widget-spacer\" data-id=\"32c5492\" data-element_type=\"widget\" data-widget_type=\"spacer.default\">\n\t\t\t\t<div class=\"elementor-widget-container\">\n\t\t\t\t\t\t\t<div class=\"elementor-spacer\">\n\t\t\t<div class=\"elementor-spacer-inner\"><\/div>\n\t\t<\/div>\n\t\t\t\t\t\t<\/div>\n\t\t\t\t<\/div>\n\t\t\t\t<div class=\"elementor-element elementor-element-57ded19 elementor-invisible elementor-widget elementor-widget-heading\" data-id=\"57ded19\" data-element_type=\"widget\" data-settings=\"{&quot;_animation&quot;:&quot;fadeIn&quot;}\" data-widget_type=\"heading.default\">\n\t\t\t\t<div class=\"elementor-widget-container\">\n\t\t\t\t\t<h2 class=\"elementor-heading-title elementor-size-default\">Contact<\/h2>\t\t\t\t<\/div>\n\t\t\t\t<\/div>\n\t\t\t\t<div class=\"elementor-element elementor-element-f6ed8a5 elementor-widget elementor-widget-spacer\" data-id=\"f6ed8a5\" data-element_type=\"widget\" data-widget_type=\"spacer.default\">\n\t\t\t\t<div class=\"elementor-widget-container\">\n\t\t\t\t\t\t\t<div class=\"elementor-spacer\">\n\t\t\t<div class=\"elementor-spacer-inner\"><\/div>\n\t\t<\/div>\n\t\t\t\t\t\t<\/div>\n\t\t\t\t<\/div>\n\t\t<div class=\"elementor-element elementor-element-4af7115 e-grid e-con-full e-con e-child\" data-id=\"4af7115\" data-element_type=\"container\">\n\t\t\t\t<div class=\"elementor-element elementor-element-f44f552 elementor-widget elementor-widget-spacer\" data-id=\"f44f552\" data-element_type=\"widget\" data-widget_type=\"spacer.default\">\n\t\t\t\t<div class=\"elementor-widget-container\">\n\t\t\t\t\t\t\t<div class=\"elementor-spacer\">\n\t\t\t<div class=\"elementor-spacer-inner\"><\/div>\n\t\t<\/div>\n\t\t\t\t\t\t<\/div>\n\t\t\t\t<\/div>\n\t\t\t\t<div class=\"elementor-element elementor-element-788a6a3 elementor-invisible elementor-widget elementor-widget-text-editor\" data-id=\"788a6a3\" data-element_type=\"widget\" data-settings=\"{&quot;_animation&quot;:&quot;fadeIn&quot;}\" data-widget_type=\"text-editor.default\">\n\t\t\t\t<div class=\"elementor-widget-container\">\n\t\t\t\t\t\t\t\t\t<p style=\"text-align: left;\"><strong><br \/>propono<\/strong><br \/>11 rue Saint-Joseph<br \/><em>c\u00f4t\u00e9 parking rue C\u00e9sar Vezzani<br \/><\/em>20200 Bastia<\/p><p style=\"text-align: left;\"><a href=\"mailto:contact@propono.fr\">contact@propono.fr<\/a><br \/><span style=\"letter-spacing: -0.8px;\">07 70 10 24 18<\/span><\/p>\t\t\t\t\t\t\t\t<\/div>\n\t\t\t\t<\/div>\n\t\t\t\t<\/div>\n\t\t<div class=\"elementor-element elementor-element-27bd431 e-grid e-con-full elementor-hidden-mobile e-con e-child\" data-id=\"27bd431\" data-element_type=\"container\">\n\t\t\t\t<div class=\"elementor-element elementor-element-0cf1ee9 elementor-widget elementor-widget-spacer\" data-id=\"0cf1ee9\" data-element_type=\"widget\" data-widget_type=\"spacer.default\">\n\t\t\t\t<div class=\"elementor-widget-container\">\n\t\t\t\t\t\t\t<div class=\"elementor-spacer\">\n\t\t\t<div class=\"elementor-spacer-inner\"><\/div>\n\t\t<\/div>\n\t\t\t\t\t\t<\/div>\n\t\t\t\t<\/div>\n\t\t\t\t<div class=\"elementor-element elementor-element-886fce3 elementor-widget elementor-widget-spacer\" data-id=\"886fce3\" data-element_type=\"widget\" data-widget_type=\"spacer.default\">\n\t\t\t\t<div class=\"elementor-widget-container\">\n\t\t\t\t\t\t\t<div class=\"elementor-spacer\">\n\t\t\t<div class=\"elementor-spacer-inner\"><\/div>\n\t\t<\/div>\n\t\t\t\t\t\t<\/div>\n\t\t\t\t<\/div>\n\t\t\t\t<div class=\"elementor-element elementor-element-e588bcd elementor-widget elementor-widget-spacer\" data-id=\"e588bcd\" data-element_type=\"widget\" data-widget_type=\"spacer.default\">\n\t\t\t\t<div class=\"elementor-widget-container\">\n\t\t\t\t\t\t\t<div class=\"elementor-spacer\">\n\t\t\t<div class=\"elementor-spacer-inner\"><\/div>\n\t\t<\/div>\n\t\t\t\t\t\t<\/div>\n\t\t\t\t<\/div>\n\t\t\t\t<div class=\"elementor-element elementor-element-f1658b2 elementor-widget elementor-widget-spacer\" data-id=\"f1658b2\" data-element_type=\"widget\" data-widget_type=\"spacer.default\">\n\t\t\t\t<div class=\"elementor-widget-container\">\n\t\t\t\t\t\t\t<div class=\"elementor-spacer\">\n\t\t\t<div class=\"elementor-spacer-inner\"><\/div>\n\t\t<\/div>\n\t\t\t\t\t\t<\/div>\n\t\t\t\t<\/div>\n\t\t\t\t<div class=\"elementor-element elementor-element-838b2c8 elementor-widget elementor-widget-spacer\" data-id=\"838b2c8\" data-element_type=\"widget\" data-widget_type=\"spacer.default\">\n\t\t\t\t<div class=\"elementor-widget-container\">\n\t\t\t\t\t\t\t<div class=\"elementor-spacer\">\n\t\t\t<div class=\"elementor-spacer-inner\"><\/div>\n\t\t<\/div>\n\t\t\t\t\t\t<\/div>\n\t\t\t\t<\/div>\n\t\t\t\t<div class=\"elementor-element elementor-element-5673412 elementor-widget elementor-widget-spacer\" data-id=\"5673412\" data-element_type=\"widget\" data-widget_type=\"spacer.default\">\n\t\t\t\t<div class=\"elementor-widget-container\">\n\t\t\t\t\t\t\t<div class=\"elementor-spacer\">\n\t\t\t<div class=\"elementor-spacer-inner\"><\/div>\n\t\t<\/div>\n\t\t\t\t\t\t<\/div>\n\t\t\t\t<\/div>\n\t\t\t\t<div class=\"elementor-element elementor-element-cb850eb elementor-widget elementor-widget-spacer\" data-id=\"cb850eb\" data-element_type=\"widget\" data-widget_type=\"spacer.default\">\n\t\t\t\t<div class=\"elementor-widget-container\">\n\t\t\t\t\t\t\t<div class=\"elementor-spacer\">\n\t\t\t<div class=\"elementor-spacer-inner\"><\/div>\n\t\t<\/div>\n\t\t\t\t\t\t<\/div>\n\t\t\t\t<\/div>\n\t\t\t\t<div class=\"elementor-element elementor-element-0420d8e elementor-widget elementor-widget-spacer\" data-id=\"0420d8e\" data-element_type=\"widget\" data-widget_type=\"spacer.default\">\n\t\t\t\t<div class=\"elementor-widget-container\">\n\t\t\t\t\t\t\t<div class=\"elementor-spacer\">\n\t\t\t<div class=\"elementor-spacer-inner\"><\/div>\n\t\t<\/div>\n\t\t\t\t\t\t<\/div>\n\t\t\t\t<\/div>\n\t\t\t\t<div class=\"elementor-element elementor-element-e204c13 elementor-widget elementor-widget-spacer\" data-id=\"e204c13\" data-element_type=\"widget\" data-widget_type=\"spacer.default\">\n\t\t\t\t<div class=\"elementor-widget-container\">\n\t\t\t\t\t\t\t<div class=\"elementor-spacer\">\n\t\t\t<div class=\"elementor-spacer-inner\"><\/div>\n\t\t<\/div>\n\t\t\t\t\t\t<\/div>\n\t\t\t\t<\/div>\n\t\t\t\t<div class=\"elementor-element elementor-element-088f9a2 elementor-widget elementor-widget-spacer\" data-id=\"088f9a2\" data-element_type=\"widget\" data-widget_type=\"spacer.default\">\n\t\t\t\t<div class=\"elementor-widget-container\">\n\t\t\t\t\t\t\t<div class=\"elementor-spacer\">\n\t\t\t<div class=\"elementor-spacer-inner\"><\/div>\n\t\t<\/div>\n\t\t\t\t\t\t<\/div>\n\t\t\t\t<\/div>\n\t\t\t\t<div class=\"elementor-element elementor-element-162d475 elementor-widget elementor-widget-image\" data-id=\"162d475\" data-element_type=\"widget\" data-widget_type=\"image.default\">\n\t\t\t\t<div class=\"elementor-widget-container\">\n\t\t\t\t\t\t\t\t\t\t\t\t\t\t\t<img fetchpriority=\"high\" decoding=\"async\" width=\"800\" height=\"800\" src=\"https:\/\/propono.fr\/wp-content\/uploads\/2025\/07\/Copie-de-Sans-titre-1024x1024.png\" class=\"attachment-large size-large wp-image-946\" alt=\"\" srcset=\"https:\/\/propono.fr\/wp-content\/uploads\/2025\/07\/Copie-de-Sans-titre-1024x1024.png 1024w, https:\/\/propono.fr\/wp-content\/uploads\/2025\/07\/Copie-de-Sans-titre-300x300.png 300w, https:\/\/propono.fr\/wp-content\/uploads\/2025\/07\/Copie-de-Sans-titre-150x150.png 150w, https:\/\/propono.fr\/wp-content\/uploads\/2025\/07\/Copie-de-Sans-titre-768x768.png 768w, https:\/\/propono.fr\/wp-content\/uploads\/2025\/07\/Copie-de-Sans-titre-1536x1536.png 1536w, https:\/\/propono.fr\/wp-content\/uploads\/2025\/07\/elementor\/thumbs\/Copie-de-Sans-titre-r8lqft53uz505ikjozaipkfdnfdec7g24ciyr1gc08.png 20w, https:\/\/propono.fr\/wp-content\/uploads\/2025\/07\/elementor\/thumbs\/Copie-de-Sans-titre-r8lqft54u265fx3j83zgefi2haqp9m0mts73o5u414.png 100w, https:\/\/propono.fr\/wp-content\/uploads\/2025\/07\/elementor\/thumbs\/Copie-de-Sans-titre-r8lqft54laev4bgscbt7z7qe9twdj9dhnfa2fvqo0w.png 80w, https:\/\/propono.fr\/wp-content\/uploads\/2025\/07\/Copie-de-Sans-titre.png 1563w\" sizes=\"(max-width: 800px) 100vw, 800px\" \/>\t\t\t\t\t\t\t\t\t\t\t\t\t\t\t<\/div>\n\t\t\t\t<\/div>\n\t\t\t\t<\/div>\n\t\t\t\t\t<\/div>\n\t\t\t\t<\/div>\n\t\t\t\t<\/div>\n\t\t","protected":false},"excerpt":{"rendered":"<p>Contact propono11 rue Saint-Josephc\u00f4t\u00e9 parking rue C\u00e9sar Vezzani20200 Bastia contact@propono.fr07 70 10 24 18<\/p>\n","protected":false},"author":1,"featured_media":0,"parent":0,"menu_order":0,"comment_status":"closed","ping_status":"closed","template":"","meta":{"footnotes":""},"class_list":["post-1465","page","type-page","status-publish","hentry"],"yoast_head":"<!-- This site is optimized with the Yoast SEO plugin v25.7 - https:\/\/yoast.com\/wordpress\/plugins\/seo\/ -->\n<title>Contact - Propono - Sc\u00e9nographie et soclage<\/title>\n<meta name=\"robots\" content=\"index, follow, max-snippet:-1, max-image-preview:large, max-video-preview:-1\" \/>\n<link rel=\"canonical\" href=\"https:\/\/propono.fr\/index.php\/contact\/\" \/>\n<meta property=\"og:locale\" content=\"fr_FR\" \/>\n<meta property=\"og:type\" content=\"article\" \/>\n<meta property=\"og:title\" content=\"Contact - Propono - Sc\u00e9nographie et soclage\" \/>\n<meta property=\"og:description\" content=\"Contact propono11 rue Saint-Josephc\u00f4t\u00e9 parking rue C\u00e9sar Vezzani20200 Bastia contact@propono.fr07 70 10 24 18\" \/>\n<meta property=\"og:url\" content=\"https:\/\/propono.fr\/index.php\/contact\/\" \/>\n<meta property=\"og:site_name\" content=\"Propono - Sc\u00e9nographie et soclage\" \/>\n<meta property=\"article:modified_time\" content=\"2026-01-30T17:28:18+00:00\" \/>\n<meta property=\"og:image\" content=\"http:\/\/propono.fr\/wp-content\/uploads\/2025\/07\/Copie-de-Sans-titre-1024x1024.png\" \/>\n<meta name=\"twitter:card\" content=\"summary_large_image\" \/>\n<meta name=\"twitter:label1\" content=\"Dur\u00e9e de lecture estim\u00e9e\" \/>\n\t<meta name=\"twitter:data1\" content=\"1 minute\" \/>\n<script type=\"application\/ld+json\" class=\"yoast-schema-graph\">{\"@context\":\"https:\/\/schema.org\",\"@graph\":[{\"@type\":\"WebPage\",\"@id\":\"https:\/\/propono.fr\/index.php\/contact\/\",\"url\":\"https:\/\/propono.fr\/index.php\/contact\/\",\"name\":\"Contact - Propono - Sc\u00e9nographie et soclage\",\"isPartOf\":{\"@id\":\"https:\/\/propono.fr\/#website\"},\"primaryImageOfPage\":{\"@id\":\"https:\/\/propono.fr\/index.php\/contact\/#primaryimage\"},\"image\":{\"@id\":\"https:\/\/propono.fr\/index.php\/contact\/#primaryimage\"},\"thumbnailUrl\":\"http:\/\/propono.fr\/wp-content\/uploads\/2025\/07\/Copie-de-Sans-titre-1024x1024.png\",\"datePublished\":\"2025-12-13T16:39:06+00:00\",\"dateModified\":\"2026-01-30T17:28:18+00:00\",\"breadcrumb\":{\"@id\":\"https:\/\/propono.fr\/index.php\/contact\/#breadcrumb\"},\"inLanguage\":\"fr-FR\",\"potentialAction\":[{\"@type\":\"ReadAction\",\"target\":[\"https:\/\/propono.fr\/index.php\/contact\/\"]}]},{\"@type\":\"ImageObject\",\"inLanguage\":\"fr-FR\",\"@id\":\"https:\/\/propono.fr\/index.php\/contact\/#primaryimage\",\"url\":\"http:\/\/propono.fr\/wp-content\/uploads\/2025\/07\/Copie-de-Sans-titre-1024x1024.png\",\"contentUrl\":\"http:\/\/propono.fr\/wp-content\/uploads\/2025\/07\/Copie-de-Sans-titre-1024x1024.png\"},{\"@type\":\"BreadcrumbList\",\"@id\":\"https:\/\/propono.fr\/index.php\/contact\/#breadcrumb\",\"itemListElement\":[{\"@type\":\"ListItem\",\"position\":1,\"name\":\"Accueil\",\"item\":\"https:\/\/propono.fr\/\"},{\"@type\":\"ListItem\",\"position\":2,\"name\":\"Contact\"}]},{\"@type\":\"WebSite\",\"@id\":\"https:\/\/propono.fr\/#website\",\"url\":\"https:\/\/propono.fr\/\",\"name\":\"Propono - Sc\u00e9nographie et soclage\",\"description\":\"\",\"publisher\":{\"@id\":\"https:\/\/propono.fr\/#organization\"},\"potentialAction\":[{\"@type\":\"SearchAction\",\"target\":{\"@type\":\"EntryPoint\",\"urlTemplate\":\"https:\/\/propono.fr\/?s={search_term_string}\"},\"query-input\":{\"@type\":\"PropertyValueSpecification\",\"valueRequired\":true,\"valueName\":\"search_term_string\"}}],\"inLanguage\":\"fr-FR\"},{\"@type\":\"Organization\",\"@id\":\"https:\/\/propono.fr\/#organization\",\"name\":\"Propono\",\"url\":\"https:\/\/propono.fr\/\",\"logo\":{\"@type\":\"ImageObject\",\"inLanguage\":\"fr-FR\",\"@id\":\"https:\/\/propono.fr\/#\/schema\/logo\/image\/\",\"url\":\"https:\/\/propono.fr\/wp-content\/uploads\/2025\/01\/propono-500-x-250-px-1.png\",\"contentUrl\":\"https:\/\/propono.fr\/wp-content\/uploads\/2025\/01\/propono-500-x-250-px-1.png\",\"width\":1563,\"height\":469,\"caption\":\"Propono\"},\"image\":{\"@id\":\"https:\/\/propono.fr\/#\/schema\/logo\/image\/\"}}]}<\/script>\n<!-- \/ Yoast SEO plugin. -->","yoast_head_json":{"title":"Contact - Propono - Sc\u00e9nographie et soclage","robots":{"index":"index","follow":"follow","max-snippet":"max-snippet:-1","max-image-preview":"max-image-preview:large","max-video-preview":"max-video-preview:-1"},"canonical":"https:\/\/propono.fr\/index.php\/contact\/","og_locale":"fr_FR","og_type":"article","og_title":"Contact - Propono - Sc\u00e9nographie et soclage","og_description":"Contact propono11 rue Saint-Josephc\u00f4t\u00e9 parking rue C\u00e9sar Vezzani20200 Bastia contact@propono.fr07 70 10 24 18","og_url":"https:\/\/propono.fr\/index.php\/contact\/","og_site_name":"Propono - Sc\u00e9nographie et soclage","article_modified_time":"2026-01-30T17:28:18+00:00","og_image":[{"url":"http:\/\/propono.fr\/wp-content\/uploads\/2025\/07\/Copie-de-Sans-titre-1024x1024.png","type":"","width":"","height":""}],"twitter_card":"summary_large_image","twitter_misc":{"Dur\u00e9e de lecture estim\u00e9e":"1 minute"},"schema":{"@context":"https:\/\/schema.org","@graph":[{"@type":"WebPage","@id":"https:\/\/propono.fr\/index.php\/contact\/","url":"https:\/\/propono.fr\/index.php\/contact\/","name":"Contact - Propono - Sc\u00e9nographie et soclage","isPartOf":{"@id":"https:\/\/propono.fr\/#website"},"primaryImageOfPage":{"@id":"https:\/\/propono.fr\/index.php\/contact\/#primaryimage"},"image":{"@id":"https:\/\/propono.fr\/index.php\/contact\/#primaryimage"},"thumbnailUrl":"http:\/\/propono.fr\/wp-content\/uploads\/2025\/07\/Copie-de-Sans-titre-1024x1024.png","datePublished":"2025-12-13T16:39:06+00:00","dateModified":"2026-01-30T17:28:18+00:00","breadcrumb":{"@id":"https:\/\/propono.fr\/index.php\/contact\/#breadcrumb"},"inLanguage":"fr-FR","potentialAction":[{"@type":"ReadAction","target":["https:\/\/propono.fr\/index.php\/contact\/"]}]},{"@type":"ImageObject","inLanguage":"fr-FR","@id":"https:\/\/propono.fr\/index.php\/contact\/#primaryimage","url":"http:\/\/propono.fr\/wp-content\/uploads\/2025\/07\/Copie-de-Sans-titre-1024x1024.png","contentUrl":"http:\/\/propono.fr\/wp-content\/uploads\/2025\/07\/Copie-de-Sans-titre-1024x1024.png"},{"@type":"BreadcrumbList","@id":"https:\/\/propono.fr\/index.php\/contact\/#breadcrumb","itemListElement":[{"@type":"ListItem","position":1,"name":"Accueil","item":"https:\/\/propono.fr\/"},{"@type":"ListItem","position":2,"name":"Contact"}]},{"@type":"WebSite","@id":"https:\/\/propono.fr\/#website","url":"https:\/\/propono.fr\/","name":"Propono - Sc\u00e9nographie et soclage","description":"","publisher":{"@id":"https:\/\/propono.fr\/#organization"},"potentialAction":[{"@type":"SearchAction","target":{"@type":"EntryPoint","urlTemplate":"https:\/\/propono.fr\/?s={search_term_string}"},"query-input":{"@type":"PropertyValueSpecification","valueRequired":true,"valueName":"search_term_string"}}],"inLanguage":"fr-FR"},{"@type":"Organization","@id":"https:\/\/propono.fr\/#organization","name":"Propono","url":"https:\/\/propono.fr\/","logo":{"@type":"ImageObject","inLanguage":"fr-FR","@id":"https:\/\/propono.fr\/#\/schema\/logo\/image\/","url":"https:\/\/propono.fr\/wp-content\/uploads\/2025\/01\/propono-500-x-250-px-1.png","contentUrl":"https:\/\/propono.fr\/wp-content\/uploads\/2025\/01\/propono-500-x-250-px-1.png","width":1563,"height":469,"caption":"Propono"},"image":{"@id":"https:\/\/propono.fr\/#\/schema\/logo\/image\/"}}]}},"_links":{"self":[{"href":"https:\/\/propono.fr\/index.php\/wp-json\/wp\/v2\/pages\/1465","targetHints":{"allow":["GET"]}}],"collection":[{"href":"https:\/\/propono.fr\/index.php\/wp-json\/wp\/v2\/pages"}],"about":[{"href":"https:\/\/propono.fr\/index.php\/wp-json\/wp\/v2\/types\/page"}],"author":[{"embeddable":true,"href":"https:\/\/propono.fr\/index.php\/wp-json\/wp\/v2\/users\/1"}],"replies":[{"embeddable":true,"href":"https:\/\/propono.fr\/index.php\/wp-json\/wp\/v2\/comments?post=1465"}],"version-history":[{"count":80,"href":"https:\/\/propono.fr\/index.php\/wp-json\/wp\/v2\/pages\/1465\/revisions"}],"predecessor-version":[{"id":2208,"href":"https:\/\/propono.fr\/index.php\/wp-json\/wp\/v2\/pages\/1465\/revisions\/2208"}],"wp:attachment":[{"href":"https:\/\/propono.fr\/index.php\/wp-json\/wp\/v2\/media?parent=1465"}],"curies":[{"name":"wp","href":"https:\/\/api.w.org\/{rel}","templated":true}]}}