{"id":1479,"date":"2025-12-13T17:57:18","date_gmt":"2025-12-13T16:57:18","guid":{"rendered":"https:\/\/propono.fr\/?page_id=1479"},"modified":"2026-01-30T19:11:31","modified_gmt":"2026-01-30T18:11:31","slug":"collaborations","status":"publish","type":"page","link":"https:\/\/propono.fr\/index.php\/collaborations\/","title":{"rendered":"Collaborations"},"content":{"rendered":"\t\t<div data-elementor-type=\"wp-page\" data-elementor-id=\"1479\" class=\"elementor elementor-1479\">\n\t\t\t\t<div class=\"elementor-element elementor-element-6084685 e-flex e-con-boxed e-con e-parent\" data-id=\"6084685\" data-element_type=\"container\">\n\t\t\t\t\t<div class=\"e-con-inner\">\n\t\t\t\t<div class=\"elementor-element elementor-element-bd0754a elementor-widget elementor-widget-spacer\" data-id=\"bd0754a\" data-element_type=\"widget\" data-widget_type=\"spacer.default\">\n\t\t\t\t<div class=\"elementor-widget-container\">\n\t\t\t\t\t\t\t<div class=\"elementor-spacer\">\n\t\t\t<div class=\"elementor-spacer-inner\"><\/div>\n\t\t<\/div>\n\t\t\t\t\t\t<\/div>\n\t\t\t\t<\/div>\n\t\t<div class=\"elementor-element elementor-element-f8c0d63 e-con-full e-flex e-con e-child\" data-id=\"f8c0d63\" data-element_type=\"container\">\n\t\t\t\t<div class=\"elementor-element elementor-element-dcfd315 elementor-invisible elementor-widget elementor-widget-heading\" data-id=\"dcfd315\" data-element_type=\"widget\" data-settings=\"{&quot;_animation&quot;:&quot;fadeIn&quot;}\" data-widget_type=\"heading.default\">\n\t\t\t\t<div class=\"elementor-widget-container\">\n\t\t\t\t\t<h2 class=\"elementor-heading-title elementor-size-default\">Collaborations<\/h2>\t\t\t\t<\/div>\n\t\t\t\t<\/div>\n\t\t\t\t<div class=\"elementor-element elementor-element-c50d30d elementor-widget elementor-widget-spacer\" data-id=\"c50d30d\" data-element_type=\"widget\" data-widget_type=\"spacer.default\">\n\t\t\t\t<div class=\"elementor-widget-container\">\n\t\t\t\t\t\t\t<div class=\"elementor-spacer\">\n\t\t\t<div class=\"elementor-spacer-inner\"><\/div>\n\t\t<\/div>\n\t\t\t\t\t\t<\/div>\n\t\t\t\t<\/div>\n\t\t\t\t<div class=\"elementor-element elementor-element-d307de5 elementor-invisible elementor-widget elementor-widget-text-editor\" data-id=\"d307de5\" data-element_type=\"widget\" data-settings=\"{&quot;_animation&quot;:&quot;fadeIn&quot;}\" data-widget_type=\"text-editor.default\">\n\t\t\t\t<div class=\"elementor-widget-container\">\n\t\t\t\t\t\t\t\t\t<h3><b>Palais des Gouverneurs, <i>Bastia<\/i><\/b><\/h3>\n<p>Corsica Genovese, la Corse \u00e0 l&rsquo;\u00e9poque de la R\u00e9publique de G\u00eanes (XV\u00e8me-XVIII\u00e8me si\u00e8cle)<br><i>2016 <\/i>I <strong>sc\u00e9nographie<\/strong> I <strong>soclage<\/strong><\/p>\n<p><span style=\"letter-spacing: -0.8px;\">Secrets d&rsquo;\u00e9paves, 50 ans d&rsquo;arch\u00e9ologie sous-marine en Corse<i><br><\/i><em>2017<\/em> I <strong>sc\u00e9nographie<\/strong> I <strong>soclage<\/strong><\/span><\/p>\n<p>Identit\u00e0, les Corses et les migrations (XVII\u00e8me-XIX\u00e8me si\u00e8cle)<i><br><\/i><em style=\"letter-spacing: -0.8px;\">2018&nbsp;<\/em><span style=\"letter-spacing: -0.8px;\">I <strong>soclage<\/strong><\/span><\/p>\n<p><span style=\"letter-spacing: -0.8px;\">Corsica Imperiale, Napol\u00e9on III et la Corse (1851-1870)<\/span><i style=\"letter-spacing: -0.8px;\"><br><\/i><em style=\"letter-spacing: -0.8px;\">2019&nbsp;<\/em><span style=\"letter-spacing: -0.8px;\">I <strong>sc\u00e9nographie<\/strong> I <strong>soclage<\/strong><\/span><\/p>\n<p><span style=\"letter-spacing: -0.8px;\">Banditi ! Brigandage et banditisme Corse-Italie (1600-1940)<\/span><i style=\"letter-spacing: -0.8px;\"><br><\/i><em style=\"letter-spacing: -0.8px;\">2021&nbsp;<\/em><span style=\"letter-spacing: -0.8px;\">I <strong>sc\u00e9nographie<\/strong> I <strong>soclage<\/strong><\/span><\/p>\n<p><span style=\"letter-spacing: -0.8px;\">Mare furioso, pirates et corsaires en M\u00e9dit\u00e9rran\u00e9e (XVI\u00e8me-XIX\u00e8me si\u00e8cle)<\/span><i style=\"letter-spacing: -0.8px;\"><br><\/i><em style=\"letter-spacing: -0.8px;\">2022&nbsp;<\/em><span style=\"letter-spacing: -0.8px;\">I <strong>soclage<\/strong><\/span><\/p>\n<p><span style=\"letter-spacing: -0.8px;\">Corsica 39-45 : les Corses et la Deuxi\u00e8me Guerre mondiale (1939-1945)<\/span><i style=\"letter-spacing: -0.8px;\"><br><\/i><em style=\"letter-spacing: -0.8px;\">2023&nbsp;<\/em><span style=\"letter-spacing: -0.8px;\">I <strong>sc\u00e9nographie<\/strong> I <strong>soclage<\/strong><\/span><\/p>\n<p><span style=\"letter-spacing: -0.8px;\">Napol\u00e9on IV, le prince corse oubli\u00e9<\/span><i style=\"letter-spacing: -0.8px;\"><br><\/i><em style=\"letter-spacing: -0.8px;\">2025&nbsp;<\/em><span style=\"letter-spacing: -0.8px;\">I <strong>sc\u00e9nographie<\/strong> I <strong>soclage<\/strong><\/span><\/p>\t\t\t\t\t\t\t\t<\/div>\n\t\t\t\t<\/div>\n\t\t\t\t<div class=\"elementor-element elementor-element-6123209 elementor-invisible elementor-widget elementor-widget-text-editor\" data-id=\"6123209\" data-element_type=\"widget\" data-settings=\"{&quot;_animation&quot;:&quot;fadeIn&quot;}\" data-widget_type=\"text-editor.default\">\n\t\t\t\t<div class=\"elementor-widget-container\">\n\t\t\t\t\t\t\t\t\t<h3><b>Mus\u00e9e Pascal Paoli, <i>Morosaglia<\/i><\/b><\/h3><p>Pascal Paoli, un mythe fondateur<br \/><i>2023\u00a0<\/i>I <strong>sc\u00e9nographie<\/strong> I <strong>soclage<\/strong><\/p><p><span style=\"letter-spacing: -0.8px;\">A Sala<br \/><em>2023<\/em>\u00a0I <strong>sc\u00e9nographie<\/strong> I <strong>soclage<\/strong><\/span><\/p><p><span style=\"letter-spacing: -0.8px;\">Chapelle Pascal Paoli<br \/><\/span><em style=\"letter-spacing: -0.8px;\">2024\u00a0<\/em><span style=\"letter-spacing: -0.8px;\">I <strong>sc\u00e9nographie<\/strong> I <strong>soclage<\/strong><\/span><\/p>\t\t\t\t\t\t\t\t<\/div>\n\t\t\t\t<\/div>\n\t\t\t\t<div class=\"elementor-element elementor-element-4b54ed3 elementor-invisible elementor-widget elementor-widget-text-editor\" data-id=\"4b54ed3\" data-element_type=\"widget\" data-settings=\"{&quot;_animation&quot;:&quot;fadeIn&quot;}\" data-widget_type=\"text-editor.default\">\n\t\t\t\t<div class=\"elementor-widget-container\">\n\t\t\t\t\t\t\t\t\t<h3><b>Casa di e Scenze, <i>Bastia<\/i><\/b><\/h3><p>Le biomim\u00e9tisme et la mer<br \/><i>2022\u00a0<\/i>I <strong>mobiliers sc\u00e9nographique et didactiques<\/strong><\/p><p><span style=\"letter-spacing: -0.8px;\">M\u00e9t\u00e9orites, entre ciel et terre<br \/><em>2023<\/em> I <strong>mobiliers sc\u00e9nographique et didactiques<\/strong><\/span><\/p><p><span style=\"letter-spacing: -0.8px;\">Oc\u00e9an, une plong\u00e9e insolite<br \/><\/span><em style=\"letter-spacing: -0.8px;\">2024<\/em><span style=\"letter-spacing: -0.8px;\"> I <strong>mobiliers sc\u00e9nographique et didactiques<\/strong><\/span><\/p><p><span style=\"letter-spacing: -0.8px;\">Plong\u00e9e au coeur des canyons<br \/><\/span><em style=\"letter-spacing: -0.8px;\">2025<\/em><span style=\"letter-spacing: -0.8px;\"> I <strong>soclage<\/strong><\/span><\/p>\t\t\t\t\t\t\t\t<\/div>\n\t\t\t\t<\/div>\n\t\t\t\t<div class=\"elementor-element elementor-element-630b084 elementor-invisible elementor-widget elementor-widget-text-editor\" data-id=\"630b084\" data-element_type=\"widget\" data-settings=\"{&quot;_animation&quot;:&quot;fadeIn&quot;}\" data-widget_type=\"text-editor.default\">\n\t\t\t\t<div class=\"elementor-widget-container\">\n\t\t\t\t\t\t\t\t\t<h3><b>Mus\u00e9e de la Corse, <i>Corte<\/i><\/b><\/h3><p>U sognu, u spechju, a bandera<br \/><i>2018 <\/i>I <strong>sc\u00e9nographie<\/strong> I <strong>mise en lumi\u00e8re<\/strong><\/p>\t\t\t\t\t\t\t\t<\/div>\n\t\t\t\t<\/div>\n\t\t\t\t<div class=\"elementor-element elementor-element-6c02b28 elementor-invisible elementor-widget elementor-widget-text-editor\" data-id=\"6c02b28\" data-element_type=\"widget\" data-settings=\"{&quot;_animation&quot;:&quot;fadeIn&quot;}\" data-widget_type=\"text-editor.default\">\n\t\t\t\t<div class=\"elementor-widget-container\">\n\t\t\t\t\t\t\t\t\t<h3><b>Mus\u00e9e arch\u00e9ologique de Mariana, <i>Lucciana<\/i><\/b><\/h3><p>\u00d4 frat\u00e8, tutti in museu<br \/><i>2022 <\/i>I <strong>sc\u00e9nographie<\/strong><\/p>\t\t\t\t\t\t\t\t<\/div>\n\t\t\t\t<\/div>\n\t\t<div class=\"elementor-element elementor-element-d9ce63b e-grid e-con-full elementor-hidden-mobile e-con e-child\" data-id=\"d9ce63b\" data-element_type=\"container\">\n\t\t\t\t<div class=\"elementor-element elementor-element-21c3769 elementor-widget elementor-widget-spacer\" data-id=\"21c3769\" data-element_type=\"widget\" data-widget_type=\"spacer.default\">\n\t\t\t\t<div class=\"elementor-widget-container\">\n\t\t\t\t\t\t\t<div class=\"elementor-spacer\">\n\t\t\t<div class=\"elementor-spacer-inner\"><\/div>\n\t\t<\/div>\n\t\t\t\t\t\t<\/div>\n\t\t\t\t<\/div>\n\t\t\t\t<div class=\"elementor-element elementor-element-cf2260c elementor-widget elementor-widget-spacer\" data-id=\"cf2260c\" data-element_type=\"widget\" data-widget_type=\"spacer.default\">\n\t\t\t\t<div class=\"elementor-widget-container\">\n\t\t\t\t\t\t\t<div class=\"elementor-spacer\">\n\t\t\t<div class=\"elementor-spacer-inner\"><\/div>\n\t\t<\/div>\n\t\t\t\t\t\t<\/div>\n\t\t\t\t<\/div>\n\t\t\t\t<div class=\"elementor-element elementor-element-5309270 elementor-widget elementor-widget-spacer\" data-id=\"5309270\" data-element_type=\"widget\" data-widget_type=\"spacer.default\">\n\t\t\t\t<div class=\"elementor-widget-container\">\n\t\t\t\t\t\t\t<div class=\"elementor-spacer\">\n\t\t\t<div class=\"elementor-spacer-inner\"><\/div>\n\t\t<\/div>\n\t\t\t\t\t\t<\/div>\n\t\t\t\t<\/div>\n\t\t\t\t<div class=\"elementor-element elementor-element-b5333fe elementor-widget elementor-widget-spacer\" data-id=\"b5333fe\" data-element_type=\"widget\" data-widget_type=\"spacer.default\">\n\t\t\t\t<div class=\"elementor-widget-container\">\n\t\t\t\t\t\t\t<div class=\"elementor-spacer\">\n\t\t\t<div class=\"elementor-spacer-inner\"><\/div>\n\t\t<\/div>\n\t\t\t\t\t\t<\/div>\n\t\t\t\t<\/div>\n\t\t\t\t<div class=\"elementor-element elementor-element-1ba76ad elementor-widget elementor-widget-spacer\" data-id=\"1ba76ad\" data-element_type=\"widget\" data-widget_type=\"spacer.default\">\n\t\t\t\t<div class=\"elementor-widget-container\">\n\t\t\t\t\t\t\t<div class=\"elementor-spacer\">\n\t\t\t<div class=\"elementor-spacer-inner\"><\/div>\n\t\t<\/div>\n\t\t\t\t\t\t<\/div>\n\t\t\t\t<\/div>\n\t\t\t\t<div class=\"elementor-element elementor-element-950dbe2 elementor-widget elementor-widget-spacer\" data-id=\"950dbe2\" data-element_type=\"widget\" data-widget_type=\"spacer.default\">\n\t\t\t\t<div class=\"elementor-widget-container\">\n\t\t\t\t\t\t\t<div class=\"elementor-spacer\">\n\t\t\t<div class=\"elementor-spacer-inner\"><\/div>\n\t\t<\/div>\n\t\t\t\t\t\t<\/div>\n\t\t\t\t<\/div>\n\t\t\t\t<div class=\"elementor-element elementor-element-cf0b94f elementor-widget elementor-widget-spacer\" data-id=\"cf0b94f\" data-element_type=\"widget\" data-widget_type=\"spacer.default\">\n\t\t\t\t<div class=\"elementor-widget-container\">\n\t\t\t\t\t\t\t<div class=\"elementor-spacer\">\n\t\t\t<div class=\"elementor-spacer-inner\"><\/div>\n\t\t<\/div>\n\t\t\t\t\t\t<\/div>\n\t\t\t\t<\/div>\n\t\t\t\t<div class=\"elementor-element elementor-element-9d7a8c5 elementor-widget elementor-widget-spacer\" data-id=\"9d7a8c5\" data-element_type=\"widget\" data-widget_type=\"spacer.default\">\n\t\t\t\t<div class=\"elementor-widget-container\">\n\t\t\t\t\t\t\t<div class=\"elementor-spacer\">\n\t\t\t<div class=\"elementor-spacer-inner\"><\/div>\n\t\t<\/div>\n\t\t\t\t\t\t<\/div>\n\t\t\t\t<\/div>\n\t\t\t\t<div class=\"elementor-element elementor-element-6c39c5a elementor-widget elementor-widget-spacer\" data-id=\"6c39c5a\" data-element_type=\"widget\" data-widget_type=\"spacer.default\">\n\t\t\t\t<div class=\"elementor-widget-container\">\n\t\t\t\t\t\t\t<div class=\"elementor-spacer\">\n\t\t\t<div class=\"elementor-spacer-inner\"><\/div>\n\t\t<\/div>\n\t\t\t\t\t\t<\/div>\n\t\t\t\t<\/div>\n\t\t\t\t<div class=\"elementor-element elementor-element-77b6fea elementor-widget elementor-widget-spacer\" data-id=\"77b6fea\" data-element_type=\"widget\" data-widget_type=\"spacer.default\">\n\t\t\t\t<div class=\"elementor-widget-container\">\n\t\t\t\t\t\t\t<div class=\"elementor-spacer\">\n\t\t\t<div class=\"elementor-spacer-inner\"><\/div>\n\t\t<\/div>\n\t\t\t\t\t\t<\/div>\n\t\t\t\t<\/div>\n\t\t\t\t<div class=\"elementor-element elementor-element-7d7cef6 elementor-widget elementor-widget-image\" data-id=\"7d7cef6\" data-element_type=\"widget\" data-widget_type=\"image.default\">\n\t\t\t\t<div class=\"elementor-widget-container\">\n\t\t\t\t\t\t\t\t\t\t\t\t\t\t\t<img fetchpriority=\"high\" decoding=\"async\" width=\"512\" height=\"512\" src=\"https:\/\/propono.fr\/wp-content\/uploads\/2025\/07\/cropped-Copie-de-Sans-titre.png\" class=\"attachment-large size-large wp-image-947\" alt=\"\" srcset=\"https:\/\/propono.fr\/wp-content\/uploads\/2025\/07\/cropped-Copie-de-Sans-titre.png 512w, https:\/\/propono.fr\/wp-content\/uploads\/2025\/07\/cropped-Copie-de-Sans-titre-300x300.png 300w, https:\/\/propono.fr\/wp-content\/uploads\/2025\/07\/cropped-Copie-de-Sans-titre-150x150.png 150w, https:\/\/propono.fr\/wp-content\/uploads\/2025\/07\/cropped-Copie-de-Sans-titre-270x270.png 270w, https:\/\/propono.fr\/wp-content\/uploads\/2025\/07\/cropped-Copie-de-Sans-titre-192x192.png 192w, https:\/\/propono.fr\/wp-content\/uploads\/2025\/07\/cropped-Copie-de-Sans-titre-180x180.png 180w, https:\/\/propono.fr\/wp-content\/uploads\/2025\/07\/cropped-Copie-de-Sans-titre-32x32.png 32w, https:\/\/propono.fr\/wp-content\/uploads\/2025\/07\/elementor\/thumbs\/cropped-Copie-de-Sans-titre-r8lqfwwhh0fnkk4p69iugso2r3t0983zl4ciz4mtc4.png 90w, https:\/\/propono.fr\/wp-content\/uploads\/2025\/07\/elementor\/thumbs\/cropped-Copie-de-Sans-titre-r8lqfwwhcmk0erbbqdfq96s8nddue1sezxw0czl3c0.png 80w\" sizes=\"(max-width: 512px) 100vw, 512px\" \/>\t\t\t\t\t\t\t\t\t\t\t\t\t\t\t<\/div>\n\t\t\t\t<\/div>\n\t\t\t\t<\/div>\n\t\t\t\t<\/div>\n\t\t\t\t\t<\/div>\n\t\t\t\t<\/div>\n\t\t\t\t<\/div>\n\t\t","protected":false},"excerpt":{"rendered":"<p>Collaborations Palais des Gouverneurs, Bastia Corsica Genovese, la Corse \u00e0 l&rsquo;\u00e9poque de la R\u00e9publique de G\u00eanes (XV\u00e8me-XVIII\u00e8me si\u00e8cle)2016 I sc\u00e9nographie I soclage Secrets d&rsquo;\u00e9paves, 50 ans d&rsquo;arch\u00e9ologie sous-marine en Corse2017 I sc\u00e9nographie I soclage Identit\u00e0, les Corses et les migrations (XVII\u00e8me-XIX\u00e8me si\u00e8cle)2018&nbsp;I soclage Corsica Imperiale, Napol\u00e9on III et la Corse (1851-1870)2019&nbsp;I sc\u00e9nographie I soclage Banditi [&hellip;]<\/p>\n","protected":false},"author":1,"featured_media":0,"parent":0,"menu_order":0,"comment_status":"closed","ping_status":"closed","template":"","meta":{"footnotes":""},"class_list":["post-1479","page","type-page","status-publish","hentry"],"yoast_head":"<!-- This site is optimized with the Yoast SEO plugin v25.7 - https:\/\/yoast.com\/wordpress\/plugins\/seo\/ -->\n<title>Collaborations - Propono - Sc\u00e9nographie et soclage<\/title>\n<meta name=\"description\" content=\"D\u00e9couvrez les projets r\u00e9alis\u00e9s par Propono : sc\u00e9nographie, soclage et conception d\u2019expositions en Corse. Un savoir-faire local au service des mus\u00e9es et institutions culturelles.\" \/>\n<meta name=\"robots\" content=\"index, follow, max-snippet:-1, max-image-preview:large, max-video-preview:-1\" \/>\n<link rel=\"canonical\" href=\"https:\/\/propono.fr\/index.php\/collaborations\/\" \/>\n<meta property=\"og:locale\" content=\"fr_FR\" \/>\n<meta property=\"og:type\" content=\"article\" \/>\n<meta property=\"og:title\" content=\"Collaborations - Propono - Sc\u00e9nographie et soclage\" \/>\n<meta property=\"og:description\" content=\"D\u00e9couvrez les projets r\u00e9alis\u00e9s par Propono : sc\u00e9nographie, soclage et conception d\u2019expositions en Corse. Un savoir-faire local au service des mus\u00e9es et institutions culturelles.\" \/>\n<meta property=\"og:url\" content=\"https:\/\/propono.fr\/index.php\/collaborations\/\" \/>\n<meta property=\"og:site_name\" content=\"Propono - Sc\u00e9nographie et soclage\" \/>\n<meta property=\"article:modified_time\" content=\"2026-01-30T18:11:31+00:00\" \/>\n<meta property=\"og:image\" content=\"http:\/\/propono.fr\/wp-content\/uploads\/2025\/07\/cropped-Copie-de-Sans-titre.png\" \/>\n<meta name=\"twitter:card\" content=\"summary_large_image\" \/>\n<meta name=\"twitter:label1\" content=\"Dur\u00e9e de lecture estim\u00e9e\" \/>\n\t<meta name=\"twitter:data1\" content=\"2 minutes\" \/>\n<script type=\"application\/ld+json\" class=\"yoast-schema-graph\">{\"@context\":\"https:\/\/schema.org\",\"@graph\":[{\"@type\":\"WebPage\",\"@id\":\"https:\/\/propono.fr\/index.php\/collaborations\/\",\"url\":\"https:\/\/propono.fr\/index.php\/collaborations\/\",\"name\":\"Collaborations - Propono - Sc\u00e9nographie et soclage\",\"isPartOf\":{\"@id\":\"https:\/\/propono.fr\/#website\"},\"primaryImageOfPage\":{\"@id\":\"https:\/\/propono.fr\/index.php\/collaborations\/#primaryimage\"},\"image\":{\"@id\":\"https:\/\/propono.fr\/index.php\/collaborations\/#primaryimage\"},\"thumbnailUrl\":\"http:\/\/propono.fr\/wp-content\/uploads\/2025\/07\/cropped-Copie-de-Sans-titre.png\",\"datePublished\":\"2025-12-13T16:57:18+00:00\",\"dateModified\":\"2026-01-30T18:11:31+00:00\",\"description\":\"D\u00e9couvrez les projets r\u00e9alis\u00e9s par Propono : sc\u00e9nographie, soclage et conception d\u2019expositions en Corse. Un savoir-faire local au service des mus\u00e9es et institutions culturelles.\",\"breadcrumb\":{\"@id\":\"https:\/\/propono.fr\/index.php\/collaborations\/#breadcrumb\"},\"inLanguage\":\"fr-FR\",\"potentialAction\":[{\"@type\":\"ReadAction\",\"target\":[\"https:\/\/propono.fr\/index.php\/collaborations\/\"]}]},{\"@type\":\"ImageObject\",\"inLanguage\":\"fr-FR\",\"@id\":\"https:\/\/propono.fr\/index.php\/collaborations\/#primaryimage\",\"url\":\"https:\/\/propono.fr\/wp-content\/uploads\/2025\/07\/cropped-Copie-de-Sans-titre.png\",\"contentUrl\":\"https:\/\/propono.fr\/wp-content\/uploads\/2025\/07\/cropped-Copie-de-Sans-titre.png\",\"width\":512,\"height\":512},{\"@type\":\"BreadcrumbList\",\"@id\":\"https:\/\/propono.fr\/index.php\/collaborations\/#breadcrumb\",\"itemListElement\":[{\"@type\":\"ListItem\",\"position\":1,\"name\":\"Accueil\",\"item\":\"https:\/\/propono.fr\/\"},{\"@type\":\"ListItem\",\"position\":2,\"name\":\"Collaborations\"}]},{\"@type\":\"WebSite\",\"@id\":\"https:\/\/propono.fr\/#website\",\"url\":\"https:\/\/propono.fr\/\",\"name\":\"Propono - Sc\u00e9nographie et soclage\",\"description\":\"\",\"publisher\":{\"@id\":\"https:\/\/propono.fr\/#organization\"},\"potentialAction\":[{\"@type\":\"SearchAction\",\"target\":{\"@type\":\"EntryPoint\",\"urlTemplate\":\"https:\/\/propono.fr\/?s={search_term_string}\"},\"query-input\":{\"@type\":\"PropertyValueSpecification\",\"valueRequired\":true,\"valueName\":\"search_term_string\"}}],\"inLanguage\":\"fr-FR\"},{\"@type\":\"Organization\",\"@id\":\"https:\/\/propono.fr\/#organization\",\"name\":\"Propono\",\"url\":\"https:\/\/propono.fr\/\",\"logo\":{\"@type\":\"ImageObject\",\"inLanguage\":\"fr-FR\",\"@id\":\"https:\/\/propono.fr\/#\/schema\/logo\/image\/\",\"url\":\"https:\/\/propono.fr\/wp-content\/uploads\/2025\/01\/propono-500-x-250-px-1.png\",\"contentUrl\":\"https:\/\/propono.fr\/wp-content\/uploads\/2025\/01\/propono-500-x-250-px-1.png\",\"width\":1563,\"height\":469,\"caption\":\"Propono\"},\"image\":{\"@id\":\"https:\/\/propono.fr\/#\/schema\/logo\/image\/\"}}]}<\/script>\n<!-- \/ Yoast SEO plugin. -->","yoast_head_json":{"title":"Collaborations - Propono - Sc\u00e9nographie et soclage","description":"D\u00e9couvrez les projets r\u00e9alis\u00e9s par Propono : sc\u00e9nographie, soclage et conception d\u2019expositions en Corse. Un savoir-faire local au service des mus\u00e9es et institutions culturelles.","robots":{"index":"index","follow":"follow","max-snippet":"max-snippet:-1","max-image-preview":"max-image-preview:large","max-video-preview":"max-video-preview:-1"},"canonical":"https:\/\/propono.fr\/index.php\/collaborations\/","og_locale":"fr_FR","og_type":"article","og_title":"Collaborations - Propono - Sc\u00e9nographie et soclage","og_description":"D\u00e9couvrez les projets r\u00e9alis\u00e9s par Propono : sc\u00e9nographie, soclage et conception d\u2019expositions en Corse. Un savoir-faire local au service des mus\u00e9es et institutions culturelles.","og_url":"https:\/\/propono.fr\/index.php\/collaborations\/","og_site_name":"Propono - Sc\u00e9nographie et soclage","article_modified_time":"2026-01-30T18:11:31+00:00","og_image":[{"url":"http:\/\/propono.fr\/wp-content\/uploads\/2025\/07\/cropped-Copie-de-Sans-titre.png","type":"","width":"","height":""}],"twitter_card":"summary_large_image","twitter_misc":{"Dur\u00e9e de lecture estim\u00e9e":"2 minutes"},"schema":{"@context":"https:\/\/schema.org","@graph":[{"@type":"WebPage","@id":"https:\/\/propono.fr\/index.php\/collaborations\/","url":"https:\/\/propono.fr\/index.php\/collaborations\/","name":"Collaborations - Propono - Sc\u00e9nographie et soclage","isPartOf":{"@id":"https:\/\/propono.fr\/#website"},"primaryImageOfPage":{"@id":"https:\/\/propono.fr\/index.php\/collaborations\/#primaryimage"},"image":{"@id":"https:\/\/propono.fr\/index.php\/collaborations\/#primaryimage"},"thumbnailUrl":"http:\/\/propono.fr\/wp-content\/uploads\/2025\/07\/cropped-Copie-de-Sans-titre.png","datePublished":"2025-12-13T16:57:18+00:00","dateModified":"2026-01-30T18:11:31+00:00","description":"D\u00e9couvrez les projets r\u00e9alis\u00e9s par Propono : sc\u00e9nographie, soclage et conception d\u2019expositions en Corse. Un savoir-faire local au service des mus\u00e9es et institutions culturelles.","breadcrumb":{"@id":"https:\/\/propono.fr\/index.php\/collaborations\/#breadcrumb"},"inLanguage":"fr-FR","potentialAction":[{"@type":"ReadAction","target":["https:\/\/propono.fr\/index.php\/collaborations\/"]}]},{"@type":"ImageObject","inLanguage":"fr-FR","@id":"https:\/\/propono.fr\/index.php\/collaborations\/#primaryimage","url":"https:\/\/propono.fr\/wp-content\/uploads\/2025\/07\/cropped-Copie-de-Sans-titre.png","contentUrl":"https:\/\/propono.fr\/wp-content\/uploads\/2025\/07\/cropped-Copie-de-Sans-titre.png","width":512,"height":512},{"@type":"BreadcrumbList","@id":"https:\/\/propono.fr\/index.php\/collaborations\/#breadcrumb","itemListElement":[{"@type":"ListItem","position":1,"name":"Accueil","item":"https:\/\/propono.fr\/"},{"@type":"ListItem","position":2,"name":"Collaborations"}]},{"@type":"WebSite","@id":"https:\/\/propono.fr\/#website","url":"https:\/\/propono.fr\/","name":"Propono - Sc\u00e9nographie et soclage","description":"","publisher":{"@id":"https:\/\/propono.fr\/#organization"},"potentialAction":[{"@type":"SearchAction","target":{"@type":"EntryPoint","urlTemplate":"https:\/\/propono.fr\/?s={search_term_string}"},"query-input":{"@type":"PropertyValueSpecification","valueRequired":true,"valueName":"search_term_string"}}],"inLanguage":"fr-FR"},{"@type":"Organization","@id":"https:\/\/propono.fr\/#organization","name":"Propono","url":"https:\/\/propono.fr\/","logo":{"@type":"ImageObject","inLanguage":"fr-FR","@id":"https:\/\/propono.fr\/#\/schema\/logo\/image\/","url":"https:\/\/propono.fr\/wp-content\/uploads\/2025\/01\/propono-500-x-250-px-1.png","contentUrl":"https:\/\/propono.fr\/wp-content\/uploads\/2025\/01\/propono-500-x-250-px-1.png","width":1563,"height":469,"caption":"Propono"},"image":{"@id":"https:\/\/propono.fr\/#\/schema\/logo\/image\/"}}]}},"_links":{"self":[{"href":"https:\/\/propono.fr\/index.php\/wp-json\/wp\/v2\/pages\/1479","targetHints":{"allow":["GET"]}}],"collection":[{"href":"https:\/\/propono.fr\/index.php\/wp-json\/wp\/v2\/pages"}],"about":[{"href":"https:\/\/propono.fr\/index.php\/wp-json\/wp\/v2\/types\/page"}],"author":[{"embeddable":true,"href":"https:\/\/propono.fr\/index.php\/wp-json\/wp\/v2\/users\/1"}],"replies":[{"embeddable":true,"href":"https:\/\/propono.fr\/index.php\/wp-json\/wp\/v2\/comments?post=1479"}],"version-history":[{"count":82,"href":"https:\/\/propono.fr\/index.php\/wp-json\/wp\/v2\/pages\/1479\/revisions"}],"predecessor-version":[{"id":2239,"href":"https:\/\/propono.fr\/index.php\/wp-json\/wp\/v2\/pages\/1479\/revisions\/2239"}],"wp:attachment":[{"href":"https:\/\/propono.fr\/index.php\/wp-json\/wp\/v2\/media?parent=1479"}],"curies":[{"name":"wp","href":"https:\/\/api.w.org\/{rel}","templated":true}]}}