{"id":1534,"date":"2025-12-13T18:48:45","date_gmt":"2025-12-13T17:48:45","guid":{"rendered":"https:\/\/propono.fr\/?page_id=1534"},"modified":"2026-01-30T18:25:56","modified_gmt":"2026-01-30T17:25:56","slug":"scenographie","status":"publish","type":"page","link":"https:\/\/propono.fr\/index.php\/scenographie\/","title":{"rendered":"Sc\u00e9nographie"},"content":{"rendered":"\t\t<div data-elementor-type=\"wp-page\" data-elementor-id=\"1534\" class=\"elementor elementor-1534\">\n\t\t\t\t<div class=\"elementor-element elementor-element-3ed3596 e-flex e-con-boxed e-con e-parent\" data-id=\"3ed3596\" data-element_type=\"container\">\n\t\t\t\t\t<div class=\"e-con-inner\">\n\t\t\t\t<div class=\"elementor-element elementor-element-e6b4403 elementor-widget elementor-widget-spacer\" data-id=\"e6b4403\" data-element_type=\"widget\" data-widget_type=\"spacer.default\">\n\t\t\t\t<div class=\"elementor-widget-container\">\n\t\t\t\t\t\t\t<div class=\"elementor-spacer\">\n\t\t\t<div class=\"elementor-spacer-inner\"><\/div>\n\t\t<\/div>\n\t\t\t\t\t\t<\/div>\n\t\t\t\t<\/div>\n\t\t\t\t<div class=\"elementor-element elementor-element-2db467c elementor-invisible elementor-widget elementor-widget-heading\" data-id=\"2db467c\" data-element_type=\"widget\" data-settings=\"{&quot;_animation&quot;:&quot;fadeIn&quot;}\" data-widget_type=\"heading.default\">\n\t\t\t\t<div class=\"elementor-widget-container\">\n\t\t\t\t\t<h2 class=\"elementor-heading-title elementor-size-default\">Sc\u00e9nographie<\/h2>\t\t\t\t<\/div>\n\t\t\t\t<\/div>\n\t\t\t\t<div class=\"elementor-element elementor-element-3f5bc67 elementor-hidden-desktop elementor-hidden-tablet elementor-widget elementor-widget-spacer\" data-id=\"3f5bc67\" data-element_type=\"widget\" data-widget_type=\"spacer.default\">\n\t\t\t\t<div class=\"elementor-widget-container\">\n\t\t\t\t\t\t\t<div class=\"elementor-spacer\">\n\t\t\t<div class=\"elementor-spacer-inner\"><\/div>\n\t\t<\/div>\n\t\t\t\t\t\t<\/div>\n\t\t\t\t<\/div>\n\t\t<div class=\"elementor-element elementor-element-cfe342f e-grid e-con-full elementor-hidden-mobile e-con e-child\" data-id=\"cfe342f\" data-element_type=\"container\">\n\t\t\t\t<div class=\"elementor-element elementor-element-22f0818 elementor-widget elementor-widget-image\" data-id=\"22f0818\" data-element_type=\"widget\" data-widget_type=\"image.default\">\n\t\t\t\t<div class=\"elementor-widget-container\">\n\t\t\t\t\t\t\t\t\t\t\t\t\t\t\t<img fetchpriority=\"high\" decoding=\"async\" width=\"596\" height=\"596\" src=\"https:\/\/propono.fr\/wp-content\/uploads\/2025\/12\/709042EB-6C1F-4E96-9DA4-869AFF63E97F_1_201_a.jpeg\" class=\"attachment-large size-large wp-image-1652\" alt=\"\" srcset=\"https:\/\/propono.fr\/wp-content\/uploads\/2025\/12\/709042EB-6C1F-4E96-9DA4-869AFF63E97F_1_201_a.jpeg 596w, https:\/\/propono.fr\/wp-content\/uploads\/2025\/12\/709042EB-6C1F-4E96-9DA4-869AFF63E97F_1_201_a-300x300.jpeg 300w, https:\/\/propono.fr\/wp-content\/uploads\/2025\/12\/709042EB-6C1F-4E96-9DA4-869AFF63E97F_1_201_a-150x150.jpeg 150w\" sizes=\"(max-width: 596px) 100vw, 596px\" \/>\t\t\t\t\t\t\t\t\t\t\t\t\t\t\t<\/div>\n\t\t\t\t<\/div>\n\t\t\t\t<div class=\"elementor-element elementor-element-eef50c7 elementor-widget elementor-widget-image\" data-id=\"eef50c7\" data-element_type=\"widget\" data-widget_type=\"image.default\">\n\t\t\t\t<div class=\"elementor-widget-container\">\n\t\t\t\t\t\t\t\t\t\t\t\t\t\t\t<img decoding=\"async\" width=\"800\" height=\"800\" src=\"https:\/\/propono.fr\/wp-content\/uploads\/2025\/12\/B1AB9597-95D3-4F9E-B391-69DFFB309066_1_201_a-1024x1024.jpeg\" class=\"attachment-large size-large wp-image-1654\" alt=\"\" srcset=\"https:\/\/propono.fr\/wp-content\/uploads\/2025\/12\/B1AB9597-95D3-4F9E-B391-69DFFB309066_1_201_a-1024x1024.jpeg 1024w, https:\/\/propono.fr\/wp-content\/uploads\/2025\/12\/B1AB9597-95D3-4F9E-B391-69DFFB309066_1_201_a-300x300.jpeg 300w, https:\/\/propono.fr\/wp-content\/uploads\/2025\/12\/B1AB9597-95D3-4F9E-B391-69DFFB309066_1_201_a-150x150.jpeg 150w, https:\/\/propono.fr\/wp-content\/uploads\/2025\/12\/B1AB9597-95D3-4F9E-B391-69DFFB309066_1_201_a-768x768.jpeg 768w, https:\/\/propono.fr\/wp-content\/uploads\/2025\/12\/B1AB9597-95D3-4F9E-B391-69DFFB309066_1_201_a-1536x1536.jpeg 1536w, https:\/\/propono.fr\/wp-content\/uploads\/2025\/12\/B1AB9597-95D3-4F9E-B391-69DFFB309066_1_201_a-2048x2048.jpeg 2048w\" sizes=\"(max-width: 800px) 100vw, 800px\" \/>\t\t\t\t\t\t\t\t\t\t\t\t\t\t\t<\/div>\n\t\t\t\t<\/div>\n\t\t\t\t<div class=\"elementor-element elementor-element-e92957f elementor-widget elementor-widget-image\" data-id=\"e92957f\" data-element_type=\"widget\" data-widget_type=\"image.default\">\n\t\t\t\t<div class=\"elementor-widget-container\">\n\t\t\t\t\t\t\t\t\t\t\t\t\t\t\t<img decoding=\"async\" width=\"491\" height=\"491\" src=\"https:\/\/propono.fr\/wp-content\/uploads\/2025\/12\/87D79404-3225-4164-87D1-EF56A2EEBAD6_1_201_a.jpeg\" class=\"attachment-large size-large wp-image-1653\" alt=\"\" srcset=\"https:\/\/propono.fr\/wp-content\/uploads\/2025\/12\/87D79404-3225-4164-87D1-EF56A2EEBAD6_1_201_a.jpeg 491w, https:\/\/propono.fr\/wp-content\/uploads\/2025\/12\/87D79404-3225-4164-87D1-EF56A2EEBAD6_1_201_a-300x300.jpeg 300w, https:\/\/propono.fr\/wp-content\/uploads\/2025\/12\/87D79404-3225-4164-87D1-EF56A2EEBAD6_1_201_a-150x150.jpeg 150w\" sizes=\"(max-width: 491px) 100vw, 491px\" \/>\t\t\t\t\t\t\t\t\t\t\t\t\t\t\t<\/div>\n\t\t\t\t<\/div>\n\t\t\t\t<\/div>\n\t\t\t\t<div class=\"elementor-element elementor-element-d9de2e4 elementor-hidden-desktop elementor-hidden-tablet elementor-pagination-position-outside elementor-widget elementor-widget-image-carousel\" data-id=\"d9de2e4\" data-element_type=\"widget\" data-settings=\"{&quot;navigation&quot;:&quot;dots&quot;,&quot;autoplay&quot;:&quot;yes&quot;,&quot;pause_on_hover&quot;:&quot;yes&quot;,&quot;pause_on_interaction&quot;:&quot;yes&quot;,&quot;autoplay_speed&quot;:5000,&quot;infinite&quot;:&quot;yes&quot;,&quot;speed&quot;:500}\" data-widget_type=\"image-carousel.default\">\n\t\t\t\t<div class=\"elementor-widget-container\">\n\t\t\t\t\t\t\t<div class=\"elementor-image-carousel-wrapper swiper\" role=\"region\" aria-roledescription=\"carousel\" aria-label=\"Carrousel d\u2019images\" dir=\"ltr\">\n\t\t\t<div class=\"elementor-image-carousel swiper-wrapper\" aria-live=\"off\">\n\t\t\t\t\t\t\t\t<div class=\"swiper-slide\" role=\"group\" aria-roledescription=\"slide\" aria-label=\"1 sur 3\"><figure class=\"swiper-slide-inner\"><img decoding=\"async\" class=\"swiper-slide-image\" src=\"https:\/\/propono.fr\/wp-content\/uploads\/2025\/12\/709042EB-6C1F-4E96-9DA4-869AFF63E97F_1_201_a.jpeg\" alt=\"709042EB-6C1F-4E96-9DA4-869AFF63E97F_1_201_a\" \/><\/figure><\/div><div class=\"swiper-slide\" role=\"group\" aria-roledescription=\"slide\" aria-label=\"2 sur 3\"><figure class=\"swiper-slide-inner\"><img decoding=\"async\" class=\"swiper-slide-image\" src=\"https:\/\/propono.fr\/wp-content\/uploads\/2025\/12\/B1AB9597-95D3-4F9E-B391-69DFFB309066_1_201_a-scaled.jpeg\" alt=\"B1AB9597-95D3-4F9E-B391-69DFFB309066_1_201_a\" \/><\/figure><\/div><div class=\"swiper-slide\" role=\"group\" aria-roledescription=\"slide\" aria-label=\"3 sur 3\"><figure class=\"swiper-slide-inner\"><img decoding=\"async\" class=\"swiper-slide-image\" src=\"https:\/\/propono.fr\/wp-content\/uploads\/2025\/12\/87D79404-3225-4164-87D1-EF56A2EEBAD6_1_201_a.jpeg\" alt=\"87D79404-3225-4164-87D1-EF56A2EEBAD6_1_201_a\" \/><\/figure><\/div>\t\t\t<\/div>\n\t\t\t\t\t\t\t\n\t\t\t\t\t\t\t\t\t<div class=\"swiper-pagination\"><\/div>\n\t\t\t\t\t\t\t\t\t<\/div>\n\t\t\t\t\t\t<\/div>\n\t\t\t\t<\/div>\n\t\t<div class=\"elementor-element elementor-element-a208f9c e-grid e-con-full e-con e-child\" data-id=\"a208f9c\" data-element_type=\"container\">\n\t\t\t\t<div class=\"elementor-element elementor-element-229b648 elementor-invisible elementor-widget elementor-widget-text-editor\" data-id=\"229b648\" data-element_type=\"widget\" data-settings=\"{&quot;_animation&quot;:&quot;fadeIn&quot;}\" data-widget_type=\"text-editor.default\">\n\t\t\t\t<div class=\"elementor-widget-container\">\n\t\t\t\t\t\t\t\t\t<p class=\"p1\"><em><strong>Une exp\u00e9rience immersive originale, p\u00e9dagogique et qualitative au service des collections, des lieux et du propos<\/strong><\/em><\/p><p>Si les r\u00e8gles de circulation et de s\u00e9curit\u00e9 d\u00fbes \u00e0 la sp\u00e9cificit\u00e9 des lieux guident nos r\u00e9flexions, nous mettons toute notre cr\u00e9ativit\u00e9 et nos ressources pour cr\u00e9er un espace original au service de la narration, dans une atmosph\u00e8re unique.\u00a0<\/p>\t\t\t\t\t\t\t\t<\/div>\n\t\t\t\t<\/div>\n\t\t\t\t<\/div>\n\t\t<div class=\"elementor-element elementor-element-f0b9b86 e-grid e-con-full elementor-hidden-mobile e-con e-child\" data-id=\"f0b9b86\" data-element_type=\"container\">\n\t\t\t\t<div class=\"elementor-element elementor-element-43f66a9 elementor-widget elementor-widget-spacer\" data-id=\"43f66a9\" data-element_type=\"widget\" data-widget_type=\"spacer.default\">\n\t\t\t\t<div class=\"elementor-widget-container\">\n\t\t\t\t\t\t\t<div class=\"elementor-spacer\">\n\t\t\t<div class=\"elementor-spacer-inner\"><\/div>\n\t\t<\/div>\n\t\t\t\t\t\t<\/div>\n\t\t\t\t<\/div>\n\t\t\t\t<div class=\"elementor-element elementor-element-85a0514 elementor-widget elementor-widget-spacer\" data-id=\"85a0514\" data-element_type=\"widget\" data-widget_type=\"spacer.default\">\n\t\t\t\t<div class=\"elementor-widget-container\">\n\t\t\t\t\t\t\t<div class=\"elementor-spacer\">\n\t\t\t<div class=\"elementor-spacer-inner\"><\/div>\n\t\t<\/div>\n\t\t\t\t\t\t<\/div>\n\t\t\t\t<\/div>\n\t\t\t\t<div class=\"elementor-element elementor-element-116d654 elementor-widget elementor-widget-spacer\" data-id=\"116d654\" data-element_type=\"widget\" data-widget_type=\"spacer.default\">\n\t\t\t\t<div class=\"elementor-widget-container\">\n\t\t\t\t\t\t\t<div class=\"elementor-spacer\">\n\t\t\t<div class=\"elementor-spacer-inner\"><\/div>\n\t\t<\/div>\n\t\t\t\t\t\t<\/div>\n\t\t\t\t<\/div>\n\t\t\t\t<div class=\"elementor-element elementor-element-3e384ca elementor-widget elementor-widget-spacer\" data-id=\"3e384ca\" data-element_type=\"widget\" data-widget_type=\"spacer.default\">\n\t\t\t\t<div class=\"elementor-widget-container\">\n\t\t\t\t\t\t\t<div class=\"elementor-spacer\">\n\t\t\t<div class=\"elementor-spacer-inner\"><\/div>\n\t\t<\/div>\n\t\t\t\t\t\t<\/div>\n\t\t\t\t<\/div>\n\t\t\t\t<div class=\"elementor-element elementor-element-00a2afb elementor-widget elementor-widget-spacer\" data-id=\"00a2afb\" data-element_type=\"widget\" data-widget_type=\"spacer.default\">\n\t\t\t\t<div class=\"elementor-widget-container\">\n\t\t\t\t\t\t\t<div class=\"elementor-spacer\">\n\t\t\t<div class=\"elementor-spacer-inner\"><\/div>\n\t\t<\/div>\n\t\t\t\t\t\t<\/div>\n\t\t\t\t<\/div>\n\t\t\t\t<div class=\"elementor-element elementor-element-cc90f38 elementor-widget elementor-widget-spacer\" data-id=\"cc90f38\" data-element_type=\"widget\" data-widget_type=\"spacer.default\">\n\t\t\t\t<div class=\"elementor-widget-container\">\n\t\t\t\t\t\t\t<div class=\"elementor-spacer\">\n\t\t\t<div class=\"elementor-spacer-inner\"><\/div>\n\t\t<\/div>\n\t\t\t\t\t\t<\/div>\n\t\t\t\t<\/div>\n\t\t\t\t<div class=\"elementor-element elementor-element-c24b93f elementor-widget elementor-widget-spacer\" data-id=\"c24b93f\" data-element_type=\"widget\" data-widget_type=\"spacer.default\">\n\t\t\t\t<div class=\"elementor-widget-container\">\n\t\t\t\t\t\t\t<div class=\"elementor-spacer\">\n\t\t\t<div class=\"elementor-spacer-inner\"><\/div>\n\t\t<\/div>\n\t\t\t\t\t\t<\/div>\n\t\t\t\t<\/div>\n\t\t\t\t<div class=\"elementor-element elementor-element-384d460 elementor-widget elementor-widget-spacer\" data-id=\"384d460\" data-element_type=\"widget\" data-widget_type=\"spacer.default\">\n\t\t\t\t<div class=\"elementor-widget-container\">\n\t\t\t\t\t\t\t<div class=\"elementor-spacer\">\n\t\t\t<div class=\"elementor-spacer-inner\"><\/div>\n\t\t<\/div>\n\t\t\t\t\t\t<\/div>\n\t\t\t\t<\/div>\n\t\t\t\t<div class=\"elementor-element elementor-element-1869f22 elementor-widget elementor-widget-spacer\" data-id=\"1869f22\" data-element_type=\"widget\" data-widget_type=\"spacer.default\">\n\t\t\t\t<div class=\"elementor-widget-container\">\n\t\t\t\t\t\t\t<div class=\"elementor-spacer\">\n\t\t\t<div class=\"elementor-spacer-inner\"><\/div>\n\t\t<\/div>\n\t\t\t\t\t\t<\/div>\n\t\t\t\t<\/div>\n\t\t\t\t<div class=\"elementor-element elementor-element-97ca1d3 elementor-widget elementor-widget-spacer\" data-id=\"97ca1d3\" data-element_type=\"widget\" data-widget_type=\"spacer.default\">\n\t\t\t\t<div class=\"elementor-widget-container\">\n\t\t\t\t\t\t\t<div class=\"elementor-spacer\">\n\t\t\t<div class=\"elementor-spacer-inner\"><\/div>\n\t\t<\/div>\n\t\t\t\t\t\t<\/div>\n\t\t\t\t<\/div>\n\t\t\t\t<div class=\"elementor-element elementor-element-3a46133 elementor-widget elementor-widget-image\" data-id=\"3a46133\" data-element_type=\"widget\" data-widget_type=\"image.default\">\n\t\t\t\t<div class=\"elementor-widget-container\">\n\t\t\t\t\t\t\t\t\t\t\t\t\t\t\t<img loading=\"lazy\" decoding=\"async\" width=\"512\" height=\"512\" src=\"https:\/\/propono.fr\/wp-content\/uploads\/2025\/07\/cropped-Copie-de-Sans-titre.png\" class=\"attachment-large size-large wp-image-947\" alt=\"\" srcset=\"https:\/\/propono.fr\/wp-content\/uploads\/2025\/07\/cropped-Copie-de-Sans-titre.png 512w, https:\/\/propono.fr\/wp-content\/uploads\/2025\/07\/cropped-Copie-de-Sans-titre-300x300.png 300w, https:\/\/propono.fr\/wp-content\/uploads\/2025\/07\/cropped-Copie-de-Sans-titre-150x150.png 150w, https:\/\/propono.fr\/wp-content\/uploads\/2025\/07\/cropped-Copie-de-Sans-titre-270x270.png 270w, https:\/\/propono.fr\/wp-content\/uploads\/2025\/07\/cropped-Copie-de-Sans-titre-192x192.png 192w, https:\/\/propono.fr\/wp-content\/uploads\/2025\/07\/cropped-Copie-de-Sans-titre-180x180.png 180w, https:\/\/propono.fr\/wp-content\/uploads\/2025\/07\/cropped-Copie-de-Sans-titre-32x32.png 32w, https:\/\/propono.fr\/wp-content\/uploads\/2025\/07\/elementor\/thumbs\/cropped-Copie-de-Sans-titre-r8lqfwwhh0fnkk4p69iugso2r3t0983zl4ciz4mtc4.png 90w, https:\/\/propono.fr\/wp-content\/uploads\/2025\/07\/elementor\/thumbs\/cropped-Copie-de-Sans-titre-r8lqfwwhcmk0erbbqdfq96s8nddue1sezxw0czl3c0.png 80w\" sizes=\"(max-width: 512px) 100vw, 512px\" \/>\t\t\t\t\t\t\t\t\t\t\t\t\t\t\t<\/div>\n\t\t\t\t<\/div>\n\t\t\t\t<\/div>\n\t\t\t\t\t<\/div>\n\t\t\t\t<\/div>\n\t\t\t\t<\/div>\n\t\t","protected":false},"excerpt":{"rendered":"<p>Sc\u00e9nographie Une exp\u00e9rience immersive originale, p\u00e9dagogique et qualitative au service des collections, des lieux et du propos Si les r\u00e8gles de circulation et de s\u00e9curit\u00e9 d\u00fbes \u00e0 la sp\u00e9cificit\u00e9 des lieux guident nos r\u00e9flexions, nous mettons toute notre cr\u00e9ativit\u00e9 et nos ressources pour cr\u00e9er un espace original au service de la narration, dans une atmosph\u00e8re [&hellip;]<\/p>\n","protected":false},"author":1,"featured_media":0,"parent":0,"menu_order":0,"comment_status":"closed","ping_status":"closed","template":"","meta":{"footnotes":""},"class_list":["post-1534","page","type-page","status-publish","hentry"],"yoast_head":"<!-- This site is optimized with the Yoast SEO plugin v25.7 - https:\/\/yoast.com\/wordpress\/plugins\/seo\/ -->\n<title>Accueil | Propono | Sc\u00e9nographie et soclage<\/title>\n<meta name=\"description\" content=\"Propono est une entreprise bas\u00e9e en Corse, sp\u00e9cialis\u00e9e dans la sc\u00e9nographie, le soclage et la fabrication de mobilier mus\u00e9al sur mesure.\" \/>\n<meta name=\"robots\" content=\"index, follow, max-snippet:-1, max-image-preview:large, max-video-preview:-1\" \/>\n<link rel=\"canonical\" href=\"https:\/\/propono.fr\/index.php\/scenographie\/\" \/>\n<meta property=\"og:locale\" content=\"fr_FR\" \/>\n<meta property=\"og:type\" content=\"article\" \/>\n<meta property=\"og:title\" content=\"Accueil | Propono | Sc\u00e9nographie et soclage\" \/>\n<meta property=\"og:description\" content=\"Propono est une entreprise bas\u00e9e en Corse, sp\u00e9cialis\u00e9e dans la sc\u00e9nographie, le soclage et la fabrication de mobilier mus\u00e9al sur mesure.\" \/>\n<meta property=\"og:url\" content=\"https:\/\/propono.fr\/index.php\/scenographie\/\" \/>\n<meta property=\"og:site_name\" content=\"Propono - Sc\u00e9nographie et soclage\" \/>\n<meta property=\"article:modified_time\" content=\"2026-01-30T17:25:56+00:00\" \/>\n<meta property=\"og:image\" content=\"http:\/\/propono.fr\/wp-content\/uploads\/2025\/12\/709042EB-6C1F-4E96-9DA4-869AFF63E97F_1_201_a.jpeg\" \/>\n<meta name=\"twitter:card\" content=\"summary_large_image\" \/>\n<meta name=\"twitter:label1\" content=\"Dur\u00e9e de lecture estim\u00e9e\" \/>\n\t<meta name=\"twitter:data1\" content=\"3 minutes\" \/>\n<script type=\"application\/ld+json\" class=\"yoast-schema-graph\">{\"@context\":\"https:\/\/schema.org\",\"@graph\":[{\"@type\":\"WebPage\",\"@id\":\"https:\/\/propono.fr\/index.php\/scenographie\/\",\"url\":\"https:\/\/propono.fr\/index.php\/scenographie\/\",\"name\":\"Accueil | Propono | Sc\u00e9nographie et soclage\",\"isPartOf\":{\"@id\":\"https:\/\/propono.fr\/#website\"},\"primaryImageOfPage\":{\"@id\":\"https:\/\/propono.fr\/index.php\/scenographie\/#primaryimage\"},\"image\":{\"@id\":\"https:\/\/propono.fr\/index.php\/scenographie\/#primaryimage\"},\"thumbnailUrl\":\"http:\/\/propono.fr\/wp-content\/uploads\/2025\/12\/709042EB-6C1F-4E96-9DA4-869AFF63E97F_1_201_a.jpeg\",\"datePublished\":\"2025-12-13T17:48:45+00:00\",\"dateModified\":\"2026-01-30T17:25:56+00:00\",\"description\":\"Propono est une entreprise bas\u00e9e en Corse, sp\u00e9cialis\u00e9e dans la sc\u00e9nographie, le soclage et la fabrication de mobilier mus\u00e9al sur mesure.\",\"breadcrumb\":{\"@id\":\"https:\/\/propono.fr\/index.php\/scenographie\/#breadcrumb\"},\"inLanguage\":\"fr-FR\",\"potentialAction\":[{\"@type\":\"ReadAction\",\"target\":[\"https:\/\/propono.fr\/index.php\/scenographie\/\"]}]},{\"@type\":\"ImageObject\",\"inLanguage\":\"fr-FR\",\"@id\":\"https:\/\/propono.fr\/index.php\/scenographie\/#primaryimage\",\"url\":\"https:\/\/propono.fr\/wp-content\/uploads\/2025\/12\/709042EB-6C1F-4E96-9DA4-869AFF63E97F_1_201_a.jpeg\",\"contentUrl\":\"https:\/\/propono.fr\/wp-content\/uploads\/2025\/12\/709042EB-6C1F-4E96-9DA4-869AFF63E97F_1_201_a.jpeg\",\"width\":596,\"height\":596},{\"@type\":\"BreadcrumbList\",\"@id\":\"https:\/\/propono.fr\/index.php\/scenographie\/#breadcrumb\",\"itemListElement\":[{\"@type\":\"ListItem\",\"position\":1,\"name\":\"Accueil\",\"item\":\"https:\/\/propono.fr\/\"},{\"@type\":\"ListItem\",\"position\":2,\"name\":\"Sc\u00e9nographie\"}]},{\"@type\":\"WebSite\",\"@id\":\"https:\/\/propono.fr\/#website\",\"url\":\"https:\/\/propono.fr\/\",\"name\":\"Propono - Sc\u00e9nographie et soclage\",\"description\":\"\",\"publisher\":{\"@id\":\"https:\/\/propono.fr\/#organization\"},\"potentialAction\":[{\"@type\":\"SearchAction\",\"target\":{\"@type\":\"EntryPoint\",\"urlTemplate\":\"https:\/\/propono.fr\/?s={search_term_string}\"},\"query-input\":{\"@type\":\"PropertyValueSpecification\",\"valueRequired\":true,\"valueName\":\"search_term_string\"}}],\"inLanguage\":\"fr-FR\"},{\"@type\":\"Organization\",\"@id\":\"https:\/\/propono.fr\/#organization\",\"name\":\"Propono\",\"url\":\"https:\/\/propono.fr\/\",\"logo\":{\"@type\":\"ImageObject\",\"inLanguage\":\"fr-FR\",\"@id\":\"https:\/\/propono.fr\/#\/schema\/logo\/image\/\",\"url\":\"https:\/\/propono.fr\/wp-content\/uploads\/2025\/01\/propono-500-x-250-px-1.png\",\"contentUrl\":\"https:\/\/propono.fr\/wp-content\/uploads\/2025\/01\/propono-500-x-250-px-1.png\",\"width\":1563,\"height\":469,\"caption\":\"Propono\"},\"image\":{\"@id\":\"https:\/\/propono.fr\/#\/schema\/logo\/image\/\"}}]}<\/script>\n<!-- \/ Yoast SEO plugin. -->","yoast_head_json":{"title":"Accueil | Propono | Sc\u00e9nographie et soclage","description":"Propono est une entreprise bas\u00e9e en Corse, sp\u00e9cialis\u00e9e dans la sc\u00e9nographie, le soclage et la fabrication de mobilier mus\u00e9al sur mesure.","robots":{"index":"index","follow":"follow","max-snippet":"max-snippet:-1","max-image-preview":"max-image-preview:large","max-video-preview":"max-video-preview:-1"},"canonical":"https:\/\/propono.fr\/index.php\/scenographie\/","og_locale":"fr_FR","og_type":"article","og_title":"Accueil | Propono | Sc\u00e9nographie et soclage","og_description":"Propono est une entreprise bas\u00e9e en Corse, sp\u00e9cialis\u00e9e dans la sc\u00e9nographie, le soclage et la fabrication de mobilier mus\u00e9al sur mesure.","og_url":"https:\/\/propono.fr\/index.php\/scenographie\/","og_site_name":"Propono - Sc\u00e9nographie et soclage","article_modified_time":"2026-01-30T17:25:56+00:00","og_image":[{"url":"http:\/\/propono.fr\/wp-content\/uploads\/2025\/12\/709042EB-6C1F-4E96-9DA4-869AFF63E97F_1_201_a.jpeg","type":"","width":"","height":""}],"twitter_card":"summary_large_image","twitter_misc":{"Dur\u00e9e de lecture estim\u00e9e":"3 minutes"},"schema":{"@context":"https:\/\/schema.org","@graph":[{"@type":"WebPage","@id":"https:\/\/propono.fr\/index.php\/scenographie\/","url":"https:\/\/propono.fr\/index.php\/scenographie\/","name":"Accueil | Propono | Sc\u00e9nographie et soclage","isPartOf":{"@id":"https:\/\/propono.fr\/#website"},"primaryImageOfPage":{"@id":"https:\/\/propono.fr\/index.php\/scenographie\/#primaryimage"},"image":{"@id":"https:\/\/propono.fr\/index.php\/scenographie\/#primaryimage"},"thumbnailUrl":"http:\/\/propono.fr\/wp-content\/uploads\/2025\/12\/709042EB-6C1F-4E96-9DA4-869AFF63E97F_1_201_a.jpeg","datePublished":"2025-12-13T17:48:45+00:00","dateModified":"2026-01-30T17:25:56+00:00","description":"Propono est une entreprise bas\u00e9e en Corse, sp\u00e9cialis\u00e9e dans la sc\u00e9nographie, le soclage et la fabrication de mobilier mus\u00e9al sur mesure.","breadcrumb":{"@id":"https:\/\/propono.fr\/index.php\/scenographie\/#breadcrumb"},"inLanguage":"fr-FR","potentialAction":[{"@type":"ReadAction","target":["https:\/\/propono.fr\/index.php\/scenographie\/"]}]},{"@type":"ImageObject","inLanguage":"fr-FR","@id":"https:\/\/propono.fr\/index.php\/scenographie\/#primaryimage","url":"https:\/\/propono.fr\/wp-content\/uploads\/2025\/12\/709042EB-6C1F-4E96-9DA4-869AFF63E97F_1_201_a.jpeg","contentUrl":"https:\/\/propono.fr\/wp-content\/uploads\/2025\/12\/709042EB-6C1F-4E96-9DA4-869AFF63E97F_1_201_a.jpeg","width":596,"height":596},{"@type":"BreadcrumbList","@id":"https:\/\/propono.fr\/index.php\/scenographie\/#breadcrumb","itemListElement":[{"@type":"ListItem","position":1,"name":"Accueil","item":"https:\/\/propono.fr\/"},{"@type":"ListItem","position":2,"name":"Sc\u00e9nographie"}]},{"@type":"WebSite","@id":"https:\/\/propono.fr\/#website","url":"https:\/\/propono.fr\/","name":"Propono - Sc\u00e9nographie et soclage","description":"","publisher":{"@id":"https:\/\/propono.fr\/#organization"},"potentialAction":[{"@type":"SearchAction","target":{"@type":"EntryPoint","urlTemplate":"https:\/\/propono.fr\/?s={search_term_string}"},"query-input":{"@type":"PropertyValueSpecification","valueRequired":true,"valueName":"search_term_string"}}],"inLanguage":"fr-FR"},{"@type":"Organization","@id":"https:\/\/propono.fr\/#organization","name":"Propono","url":"https:\/\/propono.fr\/","logo":{"@type":"ImageObject","inLanguage":"fr-FR","@id":"https:\/\/propono.fr\/#\/schema\/logo\/image\/","url":"https:\/\/propono.fr\/wp-content\/uploads\/2025\/01\/propono-500-x-250-px-1.png","contentUrl":"https:\/\/propono.fr\/wp-content\/uploads\/2025\/01\/propono-500-x-250-px-1.png","width":1563,"height":469,"caption":"Propono"},"image":{"@id":"https:\/\/propono.fr\/#\/schema\/logo\/image\/"}}]}},"_links":{"self":[{"href":"https:\/\/propono.fr\/index.php\/wp-json\/wp\/v2\/pages\/1534","targetHints":{"allow":["GET"]}}],"collection":[{"href":"https:\/\/propono.fr\/index.php\/wp-json\/wp\/v2\/pages"}],"about":[{"href":"https:\/\/propono.fr\/index.php\/wp-json\/wp\/v2\/types\/page"}],"author":[{"embeddable":true,"href":"https:\/\/propono.fr\/index.php\/wp-json\/wp\/v2\/users\/1"}],"replies":[{"embeddable":true,"href":"https:\/\/propono.fr\/index.php\/wp-json\/wp\/v2\/comments?post=1534"}],"version-history":[{"count":56,"href":"https:\/\/propono.fr\/index.php\/wp-json\/wp\/v2\/pages\/1534\/revisions"}],"predecessor-version":[{"id":2193,"href":"https:\/\/propono.fr\/index.php\/wp-json\/wp\/v2\/pages\/1534\/revisions\/2193"}],"wp:attachment":[{"href":"https:\/\/propono.fr\/index.php\/wp-json\/wp\/v2\/media?parent=1534"}],"curies":[{"name":"wp","href":"https:\/\/api.w.org\/{rel}","templated":true}]}}