{"id":1569,"date":"2025-12-13T19:43:59","date_gmt":"2025-12-13T18:43:59","guid":{"rendered":"https:\/\/propono.fr\/?page_id=1569"},"modified":"2026-01-30T18:25:19","modified_gmt":"2026-01-30T17:25:19","slug":"mobiliers","status":"publish","type":"page","link":"https:\/\/propono.fr\/index.php\/mobiliers\/","title":{"rendered":"Mobilier"},"content":{"rendered":"\t\t<div data-elementor-type=\"wp-page\" data-elementor-id=\"1569\" class=\"elementor elementor-1569\">\n\t\t\t\t<div class=\"elementor-element elementor-element-b29318a e-flex e-con-boxed e-con e-parent\" data-id=\"b29318a\" data-element_type=\"container\">\n\t\t\t\t\t<div class=\"e-con-inner\">\n\t\t\t\t<div class=\"elementor-element elementor-element-04fe359 elementor-widget elementor-widget-spacer\" data-id=\"04fe359\" data-element_type=\"widget\" data-widget_type=\"spacer.default\">\n\t\t\t\t<div class=\"elementor-widget-container\">\n\t\t\t\t\t\t\t<div class=\"elementor-spacer\">\n\t\t\t<div class=\"elementor-spacer-inner\"><\/div>\n\t\t<\/div>\n\t\t\t\t\t\t<\/div>\n\t\t\t\t<\/div>\n\t\t\t\t<div class=\"elementor-element elementor-element-edc25a0 elementor-invisible elementor-widget elementor-widget-heading\" data-id=\"edc25a0\" data-element_type=\"widget\" data-settings=\"{&quot;_animation&quot;:&quot;fadeIn&quot;}\" data-widget_type=\"heading.default\">\n\t\t\t\t<div class=\"elementor-widget-container\">\n\t\t\t\t\t<h2 class=\"elementor-heading-title elementor-size-default\">Mobilier<\/h2>\t\t\t\t<\/div>\n\t\t\t\t<\/div>\n\t\t<div class=\"elementor-element elementor-element-3ef9bf6 e-grid e-con-full elementor-hidden-mobile e-con e-child\" data-id=\"3ef9bf6\" data-element_type=\"container\">\n\t\t\t\t<div class=\"elementor-element elementor-element-548dc0b elementor-widget elementor-widget-image\" data-id=\"548dc0b\" data-element_type=\"widget\" data-widget_type=\"image.default\">\n\t\t\t\t<div class=\"elementor-widget-container\">\n\t\t\t\t\t\t\t\t\t\t\t\t\t\t\t<img fetchpriority=\"high\" decoding=\"async\" width=\"800\" height=\"800\" src=\"https:\/\/propono.fr\/wp-content\/uploads\/2025\/12\/IMG_1994-scaled-e1767022097692-1024x1024.jpg\" class=\"attachment-large size-large wp-image-1643\" alt=\"\" srcset=\"https:\/\/propono.fr\/wp-content\/uploads\/2025\/12\/IMG_1994-scaled-e1767022097692-1024x1024.jpg 1024w, https:\/\/propono.fr\/wp-content\/uploads\/2025\/12\/IMG_1994-scaled-e1767022097692-300x300.jpg 300w, https:\/\/propono.fr\/wp-content\/uploads\/2025\/12\/IMG_1994-scaled-e1767022097692-150x150.jpg 150w, https:\/\/propono.fr\/wp-content\/uploads\/2025\/12\/IMG_1994-scaled-e1767022097692-768x768.jpg 768w, https:\/\/propono.fr\/wp-content\/uploads\/2025\/12\/IMG_1994-scaled-e1767022097692-1536x1536.jpg 1536w, https:\/\/propono.fr\/wp-content\/uploads\/2025\/12\/IMG_1994-scaled-e1767022097692.jpg 1920w\" sizes=\"(max-width: 800px) 100vw, 800px\" \/>\t\t\t\t\t\t\t\t\t\t\t\t\t\t\t<\/div>\n\t\t\t\t<\/div>\n\t\t\t\t<div class=\"elementor-element elementor-element-d803a8a elementor-widget elementor-widget-image\" data-id=\"d803a8a\" data-element_type=\"widget\" data-widget_type=\"image.default\">\n\t\t\t\t<div class=\"elementor-widget-container\">\n\t\t\t\t\t\t\t\t\t\t\t\t\t\t\t<img decoding=\"async\" src=\"https:\/\/propono.fr\/wp-content\/uploads\/2025\/12\/IMG_1978-scaled-e1767022067877.jpg\" title=\"IMG_1978\" alt=\"IMG_1978\" loading=\"lazy\" \/>\t\t\t\t\t\t\t\t\t\t\t\t\t\t\t<\/div>\n\t\t\t\t<\/div>\n\t\t\t\t<div class=\"elementor-element elementor-element-ee702b0 elementor-widget elementor-widget-image\" data-id=\"ee702b0\" data-element_type=\"widget\" data-widget_type=\"image.default\">\n\t\t\t\t<div class=\"elementor-widget-container\">\n\t\t\t\t\t\t\t\t\t\t\t\t\t\t\t<img decoding=\"async\" width=\"800\" height=\"800\" src=\"https:\/\/propono.fr\/wp-content\/uploads\/2025\/12\/IMG_2001-1024x1024.jpg\" class=\"attachment-large size-large wp-image-1644\" alt=\"\" srcset=\"https:\/\/propono.fr\/wp-content\/uploads\/2025\/12\/IMG_2001-1024x1024.jpg 1024w, https:\/\/propono.fr\/wp-content\/uploads\/2025\/12\/IMG_2001-300x300.jpg 300w, https:\/\/propono.fr\/wp-content\/uploads\/2025\/12\/IMG_2001-150x150.jpg 150w, https:\/\/propono.fr\/wp-content\/uploads\/2025\/12\/IMG_2001-768x768.jpg 768w, https:\/\/propono.fr\/wp-content\/uploads\/2025\/12\/IMG_2001-1536x1536.jpg 1536w, https:\/\/propono.fr\/wp-content\/uploads\/2025\/12\/IMG_2001-2048x2048.jpg 2048w\" sizes=\"(max-width: 800px) 100vw, 800px\" \/>\t\t\t\t\t\t\t\t\t\t\t\t\t\t\t<\/div>\n\t\t\t\t<\/div>\n\t\t\t\t<\/div>\n\t\t\t\t<div class=\"elementor-element elementor-element-ba5d2be elementor-hidden-desktop elementor-hidden-tablet elementor-pagination-position-outside elementor-widget elementor-widget-image-carousel\" data-id=\"ba5d2be\" data-element_type=\"widget\" data-settings=\"{&quot;navigation&quot;:&quot;dots&quot;,&quot;autoplay&quot;:&quot;yes&quot;,&quot;pause_on_hover&quot;:&quot;yes&quot;,&quot;pause_on_interaction&quot;:&quot;yes&quot;,&quot;autoplay_speed&quot;:5000,&quot;infinite&quot;:&quot;yes&quot;,&quot;speed&quot;:500}\" data-widget_type=\"image-carousel.default\">\n\t\t\t\t<div class=\"elementor-widget-container\">\n\t\t\t\t\t\t\t<div class=\"elementor-image-carousel-wrapper swiper\" role=\"region\" aria-roledescription=\"carousel\" aria-label=\"Carrousel d\u2019images\" dir=\"ltr\">\n\t\t\t<div class=\"elementor-image-carousel swiper-wrapper\" aria-live=\"off\">\n\t\t\t\t\t\t\t\t<div class=\"swiper-slide\" role=\"group\" aria-roledescription=\"slide\" aria-label=\"1 sur 3\"><figure class=\"swiper-slide-inner\"><img decoding=\"async\" class=\"swiper-slide-image\" src=\"https:\/\/propono.fr\/wp-content\/uploads\/2025\/12\/IMG_1994-scaled-e1767022097692.jpg\" alt=\"IMG_1994\" \/><\/figure><\/div><div class=\"swiper-slide\" role=\"group\" aria-roledescription=\"slide\" aria-label=\"2 sur 3\"><figure class=\"swiper-slide-inner\"><img decoding=\"async\" class=\"swiper-slide-image\" src=\"https:\/\/propono.fr\/wp-content\/uploads\/2025\/12\/IMG_1978-scaled-e1767022067877.jpg\" alt=\"IMG_1978\" \/><\/figure><\/div><div class=\"swiper-slide\" role=\"group\" aria-roledescription=\"slide\" aria-label=\"3 sur 3\"><figure class=\"swiper-slide-inner\"><img decoding=\"async\" class=\"swiper-slide-image\" src=\"https:\/\/propono.fr\/wp-content\/uploads\/2025\/12\/IMG_2001.jpg\" alt=\"IMG_2001\" \/><\/figure><\/div>\t\t\t<\/div>\n\t\t\t\t\t\t\t\n\t\t\t\t\t\t\t\t\t<div class=\"swiper-pagination\"><\/div>\n\t\t\t\t\t\t\t\t\t<\/div>\n\t\t\t\t\t\t<\/div>\n\t\t\t\t<\/div>\n\t\t\t\t\t<\/div>\n\t\t\t\t<\/div>\n\t\t<div class=\"elementor-element elementor-element-3ed3596 e-flex e-con-boxed e-con e-parent\" data-id=\"3ed3596\" data-element_type=\"container\">\n\t\t\t\t\t<div class=\"e-con-inner\">\n\t\t<div class=\"elementor-element elementor-element-a208f9c e-grid e-con-full e-con e-child\" data-id=\"a208f9c\" data-element_type=\"container\">\n\t\t\t\t<div class=\"elementor-element elementor-element-229b648 elementor-invisible elementor-widget elementor-widget-text-editor\" data-id=\"229b648\" data-element_type=\"widget\" data-settings=\"{&quot;_animation&quot;:&quot;fadeIn&quot;}\" data-widget_type=\"text-editor.default\">\n\t\t\t\t<div class=\"elementor-widget-container\">\n\t\t\t\t\t\t\t\t\t<p data-start=\"225\" data-end=\"242\"><em><strong><span style=\"font-size: 20px; letter-spacing: -0.8px;\"><br>D\u00e9finir l&rsquo;espace, mettre en valeur, prot\u00e9ger, exp\u00e9rimenter.<br><\/span><\/strong>Vitrines, tables, pupitres, lutrins, cimaises, estrades, socles, mobiliers d\u2019exp\u00e9rimentation p\u00e9dagogique, maquettes.<\/em><\/p>\n<p>Nous concevons et r\u00e9alisons toutes sortes de dispositifs sc\u00e9nographiques. Qu\u2019il s&rsquo;agisse d\u2019am\u00e9nager l\u2019espace, de pr\u00e9senter, de prot\u00e9ger ou de proposer une exp\u00e9rience multiple au visiteur, nous mobilisons toutes nos comp\u00e9tences dans la mise en \u0153uvre de divers mat\u00e9riaux (verre, m\u00e9tal, mat\u00e9riaux d\u00e9riv\u00e9s du bois, PVC et plexiglass&#8230;).<\/p>\n<p><span style=\"letter-spacing: -0.8px;\">&nbsp;<\/span><\/p>\t\t\t\t\t\t\t\t<\/div>\n\t\t\t\t<\/div>\n\t\t\t\t<\/div>\n\t\t\t\t\t<\/div>\n\t\t\t\t<\/div>\n\t\t<div class=\"elementor-element elementor-element-1318158 e-flex e-con-boxed e-con e-parent\" data-id=\"1318158\" data-element_type=\"container\">\n\t\t\t\t\t<div class=\"e-con-inner\">\n\t\t<div class=\"elementor-element elementor-element-9b65110 e-grid e-con-full elementor-hidden-mobile e-con e-child\" data-id=\"9b65110\" data-element_type=\"container\">\n\t\t\t\t<div class=\"elementor-element elementor-element-f1d687f elementor-widget elementor-widget-spacer\" data-id=\"f1d687f\" data-element_type=\"widget\" data-widget_type=\"spacer.default\">\n\t\t\t\t<div class=\"elementor-widget-container\">\n\t\t\t\t\t\t\t<div class=\"elementor-spacer\">\n\t\t\t<div class=\"elementor-spacer-inner\"><\/div>\n\t\t<\/div>\n\t\t\t\t\t\t<\/div>\n\t\t\t\t<\/div>\n\t\t\t\t<div class=\"elementor-element elementor-element-d86acf7 elementor-widget elementor-widget-spacer\" data-id=\"d86acf7\" data-element_type=\"widget\" data-widget_type=\"spacer.default\">\n\t\t\t\t<div class=\"elementor-widget-container\">\n\t\t\t\t\t\t\t<div class=\"elementor-spacer\">\n\t\t\t<div class=\"elementor-spacer-inner\"><\/div>\n\t\t<\/div>\n\t\t\t\t\t\t<\/div>\n\t\t\t\t<\/div>\n\t\t\t\t<div class=\"elementor-element elementor-element-07937a7 elementor-widget elementor-widget-spacer\" data-id=\"07937a7\" data-element_type=\"widget\" data-widget_type=\"spacer.default\">\n\t\t\t\t<div class=\"elementor-widget-container\">\n\t\t\t\t\t\t\t<div class=\"elementor-spacer\">\n\t\t\t<div class=\"elementor-spacer-inner\"><\/div>\n\t\t<\/div>\n\t\t\t\t\t\t<\/div>\n\t\t\t\t<\/div>\n\t\t\t\t<div class=\"elementor-element elementor-element-984ae4e elementor-widget elementor-widget-spacer\" data-id=\"984ae4e\" data-element_type=\"widget\" data-widget_type=\"spacer.default\">\n\t\t\t\t<div class=\"elementor-widget-container\">\n\t\t\t\t\t\t\t<div class=\"elementor-spacer\">\n\t\t\t<div class=\"elementor-spacer-inner\"><\/div>\n\t\t<\/div>\n\t\t\t\t\t\t<\/div>\n\t\t\t\t<\/div>\n\t\t\t\t<div class=\"elementor-element elementor-element-4a022e0 elementor-widget elementor-widget-spacer\" data-id=\"4a022e0\" data-element_type=\"widget\" data-widget_type=\"spacer.default\">\n\t\t\t\t<div class=\"elementor-widget-container\">\n\t\t\t\t\t\t\t<div class=\"elementor-spacer\">\n\t\t\t<div class=\"elementor-spacer-inner\"><\/div>\n\t\t<\/div>\n\t\t\t\t\t\t<\/div>\n\t\t\t\t<\/div>\n\t\t\t\t<div class=\"elementor-element elementor-element-27c3425 elementor-widget elementor-widget-spacer\" data-id=\"27c3425\" data-element_type=\"widget\" data-widget_type=\"spacer.default\">\n\t\t\t\t<div class=\"elementor-widget-container\">\n\t\t\t\t\t\t\t<div class=\"elementor-spacer\">\n\t\t\t<div class=\"elementor-spacer-inner\"><\/div>\n\t\t<\/div>\n\t\t\t\t\t\t<\/div>\n\t\t\t\t<\/div>\n\t\t\t\t<div class=\"elementor-element elementor-element-f9127ec elementor-widget elementor-widget-spacer\" data-id=\"f9127ec\" data-element_type=\"widget\" data-widget_type=\"spacer.default\">\n\t\t\t\t<div class=\"elementor-widget-container\">\n\t\t\t\t\t\t\t<div class=\"elementor-spacer\">\n\t\t\t<div class=\"elementor-spacer-inner\"><\/div>\n\t\t<\/div>\n\t\t\t\t\t\t<\/div>\n\t\t\t\t<\/div>\n\t\t\t\t<div class=\"elementor-element elementor-element-a4fc3ee elementor-widget elementor-widget-spacer\" data-id=\"a4fc3ee\" data-element_type=\"widget\" data-widget_type=\"spacer.default\">\n\t\t\t\t<div class=\"elementor-widget-container\">\n\t\t\t\t\t\t\t<div class=\"elementor-spacer\">\n\t\t\t<div class=\"elementor-spacer-inner\"><\/div>\n\t\t<\/div>\n\t\t\t\t\t\t<\/div>\n\t\t\t\t<\/div>\n\t\t\t\t<div class=\"elementor-element elementor-element-8b31035 elementor-widget elementor-widget-spacer\" data-id=\"8b31035\" data-element_type=\"widget\" data-widget_type=\"spacer.default\">\n\t\t\t\t<div class=\"elementor-widget-container\">\n\t\t\t\t\t\t\t<div class=\"elementor-spacer\">\n\t\t\t<div class=\"elementor-spacer-inner\"><\/div>\n\t\t<\/div>\n\t\t\t\t\t\t<\/div>\n\t\t\t\t<\/div>\n\t\t\t\t<div class=\"elementor-element elementor-element-e555d17 elementor-widget elementor-widget-spacer\" data-id=\"e555d17\" data-element_type=\"widget\" data-widget_type=\"spacer.default\">\n\t\t\t\t<div class=\"elementor-widget-container\">\n\t\t\t\t\t\t\t<div class=\"elementor-spacer\">\n\t\t\t<div class=\"elementor-spacer-inner\"><\/div>\n\t\t<\/div>\n\t\t\t\t\t\t<\/div>\n\t\t\t\t<\/div>\n\t\t\t\t<div class=\"elementor-element elementor-element-b553342 elementor-widget elementor-widget-image\" data-id=\"b553342\" data-element_type=\"widget\" data-widget_type=\"image.default\">\n\t\t\t\t<div class=\"elementor-widget-container\">\n\t\t\t\t\t\t\t\t\t\t\t\t\t\t\t<img decoding=\"async\" width=\"512\" height=\"512\" src=\"https:\/\/propono.fr\/wp-content\/uploads\/2025\/07\/cropped-Copie-de-Sans-titre.png\" class=\"attachment-large size-large wp-image-947\" alt=\"\" srcset=\"https:\/\/propono.fr\/wp-content\/uploads\/2025\/07\/cropped-Copie-de-Sans-titre.png 512w, https:\/\/propono.fr\/wp-content\/uploads\/2025\/07\/cropped-Copie-de-Sans-titre-300x300.png 300w, https:\/\/propono.fr\/wp-content\/uploads\/2025\/07\/cropped-Copie-de-Sans-titre-150x150.png 150w, https:\/\/propono.fr\/wp-content\/uploads\/2025\/07\/cropped-Copie-de-Sans-titre-270x270.png 270w, https:\/\/propono.fr\/wp-content\/uploads\/2025\/07\/cropped-Copie-de-Sans-titre-192x192.png 192w, https:\/\/propono.fr\/wp-content\/uploads\/2025\/07\/cropped-Copie-de-Sans-titre-180x180.png 180w, https:\/\/propono.fr\/wp-content\/uploads\/2025\/07\/cropped-Copie-de-Sans-titre-32x32.png 32w, https:\/\/propono.fr\/wp-content\/uploads\/2025\/07\/elementor\/thumbs\/cropped-Copie-de-Sans-titre-r8lqfwwhh0fnkk4p69iugso2r3t0983zl4ciz4mtc4.png 90w, https:\/\/propono.fr\/wp-content\/uploads\/2025\/07\/elementor\/thumbs\/cropped-Copie-de-Sans-titre-r8lqfwwhcmk0erbbqdfq96s8nddue1sezxw0czl3c0.png 80w\" sizes=\"(max-width: 512px) 100vw, 512px\" \/>\t\t\t\t\t\t\t\t\t\t\t\t\t\t\t<\/div>\n\t\t\t\t<\/div>\n\t\t\t\t<\/div>\n\t\t\t\t\t<\/div>\n\t\t\t\t<\/div>\n\t\t\t\t<\/div>\n\t\t","protected":false},"excerpt":{"rendered":"<p>Mobilier D\u00e9finir l&rsquo;espace, mettre en valeur, prot\u00e9ger, exp\u00e9rimenter.Vitrines, tables, pupitres, lutrins, cimaises, estrades, socles, mobiliers d\u2019exp\u00e9rimentation p\u00e9dagogique, maquettes. Nous concevons et r\u00e9alisons toutes sortes de dispositifs sc\u00e9nographiques. Qu\u2019il s&rsquo;agisse d\u2019am\u00e9nager l\u2019espace, de pr\u00e9senter, de prot\u00e9ger ou de proposer une exp\u00e9rience multiple au visiteur, nous mobilisons toutes nos comp\u00e9tences dans la mise en \u0153uvre de divers [&hellip;]<\/p>\n","protected":false},"author":1,"featured_media":0,"parent":0,"menu_order":0,"comment_status":"closed","ping_status":"closed","template":"","meta":{"footnotes":""},"class_list":["post-1569","page","type-page","status-publish","hentry"],"yoast_head":"<!-- This site is optimized with the Yoast SEO plugin v25.7 - https:\/\/yoast.com\/wordpress\/plugins\/seo\/ -->\n<title>Accueil | Propono | Sc\u00e9nographie et soclage<\/title>\n<meta name=\"description\" content=\"Propono est une entreprise bas\u00e9e en Corse, sp\u00e9cialis\u00e9e dans la sc\u00e9nographie, le soclage et la fabrication de mobilier mus\u00e9al sur mesure.\" \/>\n<meta name=\"robots\" content=\"index, follow, max-snippet:-1, max-image-preview:large, max-video-preview:-1\" \/>\n<link rel=\"canonical\" href=\"https:\/\/propono.fr\/index.php\/mobiliers\/\" \/>\n<meta property=\"og:locale\" content=\"fr_FR\" \/>\n<meta property=\"og:type\" content=\"article\" \/>\n<meta property=\"og:title\" content=\"Accueil | Propono | Sc\u00e9nographie et soclage\" \/>\n<meta property=\"og:description\" content=\"Propono est une entreprise bas\u00e9e en Corse, sp\u00e9cialis\u00e9e dans la sc\u00e9nographie, le soclage et la fabrication de mobilier mus\u00e9al sur mesure.\" \/>\n<meta property=\"og:url\" content=\"https:\/\/propono.fr\/index.php\/mobiliers\/\" \/>\n<meta property=\"og:site_name\" content=\"Propono - Sc\u00e9nographie et soclage\" \/>\n<meta property=\"article:modified_time\" content=\"2026-01-30T17:25:19+00:00\" \/>\n<meta property=\"og:image\" content=\"http:\/\/propono.fr\/wp-content\/uploads\/2025\/12\/IMG_1994-scaled-e1767022097692-1024x1024.jpg\" \/>\n<meta name=\"twitter:card\" content=\"summary_large_image\" \/>\n<meta name=\"twitter:label1\" content=\"Dur\u00e9e de lecture estim\u00e9e\" \/>\n\t<meta name=\"twitter:data1\" content=\"3 minutes\" \/>\n<script type=\"application\/ld+json\" class=\"yoast-schema-graph\">{\"@context\":\"https:\/\/schema.org\",\"@graph\":[{\"@type\":\"WebPage\",\"@id\":\"https:\/\/propono.fr\/index.php\/mobiliers\/\",\"url\":\"https:\/\/propono.fr\/index.php\/mobiliers\/\",\"name\":\"Accueil | Propono | Sc\u00e9nographie et soclage\",\"isPartOf\":{\"@id\":\"https:\/\/propono.fr\/#website\"},\"primaryImageOfPage\":{\"@id\":\"https:\/\/propono.fr\/index.php\/mobiliers\/#primaryimage\"},\"image\":{\"@id\":\"https:\/\/propono.fr\/index.php\/mobiliers\/#primaryimage\"},\"thumbnailUrl\":\"http:\/\/propono.fr\/wp-content\/uploads\/2025\/12\/IMG_1994-scaled-e1767022097692-1024x1024.jpg\",\"datePublished\":\"2025-12-13T18:43:59+00:00\",\"dateModified\":\"2026-01-30T17:25:19+00:00\",\"description\":\"Propono est une entreprise bas\u00e9e en Corse, sp\u00e9cialis\u00e9e dans la sc\u00e9nographie, le soclage et la fabrication de mobilier mus\u00e9al sur mesure.\",\"breadcrumb\":{\"@id\":\"https:\/\/propono.fr\/index.php\/mobiliers\/#breadcrumb\"},\"inLanguage\":\"fr-FR\",\"potentialAction\":[{\"@type\":\"ReadAction\",\"target\":[\"https:\/\/propono.fr\/index.php\/mobiliers\/\"]}]},{\"@type\":\"ImageObject\",\"inLanguage\":\"fr-FR\",\"@id\":\"https:\/\/propono.fr\/index.php\/mobiliers\/#primaryimage\",\"url\":\"https:\/\/propono.fr\/wp-content\/uploads\/2025\/12\/IMG_1994-scaled-e1767022097692.jpg\",\"contentUrl\":\"https:\/\/propono.fr\/wp-content\/uploads\/2025\/12\/IMG_1994-scaled-e1767022097692.jpg\",\"width\":1920,\"height\":1920},{\"@type\":\"BreadcrumbList\",\"@id\":\"https:\/\/propono.fr\/index.php\/mobiliers\/#breadcrumb\",\"itemListElement\":[{\"@type\":\"ListItem\",\"position\":1,\"name\":\"Accueil\",\"item\":\"https:\/\/propono.fr\/\"},{\"@type\":\"ListItem\",\"position\":2,\"name\":\"Mobilier\"}]},{\"@type\":\"WebSite\",\"@id\":\"https:\/\/propono.fr\/#website\",\"url\":\"https:\/\/propono.fr\/\",\"name\":\"Propono - Sc\u00e9nographie et soclage\",\"description\":\"\",\"publisher\":{\"@id\":\"https:\/\/propono.fr\/#organization\"},\"potentialAction\":[{\"@type\":\"SearchAction\",\"target\":{\"@type\":\"EntryPoint\",\"urlTemplate\":\"https:\/\/propono.fr\/?s={search_term_string}\"},\"query-input\":{\"@type\":\"PropertyValueSpecification\",\"valueRequired\":true,\"valueName\":\"search_term_string\"}}],\"inLanguage\":\"fr-FR\"},{\"@type\":\"Organization\",\"@id\":\"https:\/\/propono.fr\/#organization\",\"name\":\"Propono\",\"url\":\"https:\/\/propono.fr\/\",\"logo\":{\"@type\":\"ImageObject\",\"inLanguage\":\"fr-FR\",\"@id\":\"https:\/\/propono.fr\/#\/schema\/logo\/image\/\",\"url\":\"https:\/\/propono.fr\/wp-content\/uploads\/2025\/01\/propono-500-x-250-px-1.png\",\"contentUrl\":\"https:\/\/propono.fr\/wp-content\/uploads\/2025\/01\/propono-500-x-250-px-1.png\",\"width\":1563,\"height\":469,\"caption\":\"Propono\"},\"image\":{\"@id\":\"https:\/\/propono.fr\/#\/schema\/logo\/image\/\"}}]}<\/script>\n<!-- \/ Yoast SEO plugin. -->","yoast_head_json":{"title":"Accueil | Propono | Sc\u00e9nographie et soclage","description":"Propono est une entreprise bas\u00e9e en Corse, sp\u00e9cialis\u00e9e dans la sc\u00e9nographie, le soclage et la fabrication de mobilier mus\u00e9al sur mesure.","robots":{"index":"index","follow":"follow","max-snippet":"max-snippet:-1","max-image-preview":"max-image-preview:large","max-video-preview":"max-video-preview:-1"},"canonical":"https:\/\/propono.fr\/index.php\/mobiliers\/","og_locale":"fr_FR","og_type":"article","og_title":"Accueil | Propono | Sc\u00e9nographie et soclage","og_description":"Propono est une entreprise bas\u00e9e en Corse, sp\u00e9cialis\u00e9e dans la sc\u00e9nographie, le soclage et la fabrication de mobilier mus\u00e9al sur mesure.","og_url":"https:\/\/propono.fr\/index.php\/mobiliers\/","og_site_name":"Propono - Sc\u00e9nographie et soclage","article_modified_time":"2026-01-30T17:25:19+00:00","og_image":[{"url":"http:\/\/propono.fr\/wp-content\/uploads\/2025\/12\/IMG_1994-scaled-e1767022097692-1024x1024.jpg","type":"","width":"","height":""}],"twitter_card":"summary_large_image","twitter_misc":{"Dur\u00e9e de lecture estim\u00e9e":"3 minutes"},"schema":{"@context":"https:\/\/schema.org","@graph":[{"@type":"WebPage","@id":"https:\/\/propono.fr\/index.php\/mobiliers\/","url":"https:\/\/propono.fr\/index.php\/mobiliers\/","name":"Accueil | Propono | Sc\u00e9nographie et soclage","isPartOf":{"@id":"https:\/\/propono.fr\/#website"},"primaryImageOfPage":{"@id":"https:\/\/propono.fr\/index.php\/mobiliers\/#primaryimage"},"image":{"@id":"https:\/\/propono.fr\/index.php\/mobiliers\/#primaryimage"},"thumbnailUrl":"http:\/\/propono.fr\/wp-content\/uploads\/2025\/12\/IMG_1994-scaled-e1767022097692-1024x1024.jpg","datePublished":"2025-12-13T18:43:59+00:00","dateModified":"2026-01-30T17:25:19+00:00","description":"Propono est une entreprise bas\u00e9e en Corse, sp\u00e9cialis\u00e9e dans la sc\u00e9nographie, le soclage et la fabrication de mobilier mus\u00e9al sur mesure.","breadcrumb":{"@id":"https:\/\/propono.fr\/index.php\/mobiliers\/#breadcrumb"},"inLanguage":"fr-FR","potentialAction":[{"@type":"ReadAction","target":["https:\/\/propono.fr\/index.php\/mobiliers\/"]}]},{"@type":"ImageObject","inLanguage":"fr-FR","@id":"https:\/\/propono.fr\/index.php\/mobiliers\/#primaryimage","url":"https:\/\/propono.fr\/wp-content\/uploads\/2025\/12\/IMG_1994-scaled-e1767022097692.jpg","contentUrl":"https:\/\/propono.fr\/wp-content\/uploads\/2025\/12\/IMG_1994-scaled-e1767022097692.jpg","width":1920,"height":1920},{"@type":"BreadcrumbList","@id":"https:\/\/propono.fr\/index.php\/mobiliers\/#breadcrumb","itemListElement":[{"@type":"ListItem","position":1,"name":"Accueil","item":"https:\/\/propono.fr\/"},{"@type":"ListItem","position":2,"name":"Mobilier"}]},{"@type":"WebSite","@id":"https:\/\/propono.fr\/#website","url":"https:\/\/propono.fr\/","name":"Propono - Sc\u00e9nographie et soclage","description":"","publisher":{"@id":"https:\/\/propono.fr\/#organization"},"potentialAction":[{"@type":"SearchAction","target":{"@type":"EntryPoint","urlTemplate":"https:\/\/propono.fr\/?s={search_term_string}"},"query-input":{"@type":"PropertyValueSpecification","valueRequired":true,"valueName":"search_term_string"}}],"inLanguage":"fr-FR"},{"@type":"Organization","@id":"https:\/\/propono.fr\/#organization","name":"Propono","url":"https:\/\/propono.fr\/","logo":{"@type":"ImageObject","inLanguage":"fr-FR","@id":"https:\/\/propono.fr\/#\/schema\/logo\/image\/","url":"https:\/\/propono.fr\/wp-content\/uploads\/2025\/01\/propono-500-x-250-px-1.png","contentUrl":"https:\/\/propono.fr\/wp-content\/uploads\/2025\/01\/propono-500-x-250-px-1.png","width":1563,"height":469,"caption":"Propono"},"image":{"@id":"https:\/\/propono.fr\/#\/schema\/logo\/image\/"}}]}},"_links":{"self":[{"href":"https:\/\/propono.fr\/index.php\/wp-json\/wp\/v2\/pages\/1569","targetHints":{"allow":["GET"]}}],"collection":[{"href":"https:\/\/propono.fr\/index.php\/wp-json\/wp\/v2\/pages"}],"about":[{"href":"https:\/\/propono.fr\/index.php\/wp-json\/wp\/v2\/types\/page"}],"author":[{"embeddable":true,"href":"https:\/\/propono.fr\/index.php\/wp-json\/wp\/v2\/users\/1"}],"replies":[{"embeddable":true,"href":"https:\/\/propono.fr\/index.php\/wp-json\/wp\/v2\/comments?post=1569"}],"version-history":[{"count":99,"href":"https:\/\/propono.fr\/index.php\/wp-json\/wp\/v2\/pages\/1569\/revisions"}],"predecessor-version":[{"id":2190,"href":"https:\/\/propono.fr\/index.php\/wp-json\/wp\/v2\/pages\/1569\/revisions\/2190"}],"wp:attachment":[{"href":"https:\/\/propono.fr\/index.php\/wp-json\/wp\/v2\/media?parent=1569"}],"curies":[{"name":"wp","href":"https:\/\/api.w.org\/{rel}","templated":true}]}}