{"id":25,"date":"2025-01-28T14:29:45","date_gmt":"2025-01-28T13:29:45","guid":{"rendered":"http:\/\/propono.fr\/?page_id=25"},"modified":"2026-02-02T15:21:04","modified_gmt":"2026-02-02T14:21:04","slug":"scenographie-soclage-acceuil","status":"publish","type":"page","link":"https:\/\/propono.fr\/","title":{"rendered":"Accueil"},"content":{"rendered":"\t\t<div data-elementor-type=\"wp-page\" data-elementor-id=\"25\" class=\"elementor elementor-25\">\n\t\t\t\t<div class=\"elementor-element elementor-element-b29318a e-flex e-con-boxed e-con e-parent\" data-id=\"b29318a\" data-element_type=\"container\">\n\t\t\t\t\t<div class=\"e-con-inner\">\n\t\t\t\t<div class=\"elementor-element elementor-element-a2d960d elementor-widget elementor-widget-spacer\" data-id=\"a2d960d\" data-element_type=\"widget\" data-widget_type=\"spacer.default\">\n\t\t\t\t<div class=\"elementor-widget-container\">\n\t\t\t\t\t\t\t<div class=\"elementor-spacer\">\n\t\t\t<div class=\"elementor-spacer-inner\"><\/div>\n\t\t<\/div>\n\t\t\t\t\t\t<\/div>\n\t\t\t\t<\/div>\n\t\t<div class=\"elementor-element elementor-element-3ef9bf6 e-grid e-con-full elementor-hidden-mobile e-con e-child\" data-id=\"3ef9bf6\" data-element_type=\"container\">\n\t\t\t\t<div class=\"elementor-element elementor-element-22acf07 elementor-widget elementor-widget-image\" data-id=\"22acf07\" data-element_type=\"widget\" data-widget_type=\"image.default\">\n\t\t\t\t<div class=\"elementor-widget-container\">\n\t\t\t\t\t\t\t\t\t\t\t\t\t\t\t<img fetchpriority=\"high\" decoding=\"async\" width=\"768\" height=\"1024\" src=\"https:\/\/propono.fr\/wp-content\/uploads\/2025\/07\/IMG_4786-768x1024.jpg\" class=\"attachment-large size-large wp-image-697\" alt=\"\" srcset=\"https:\/\/propono.fr\/wp-content\/uploads\/2025\/07\/IMG_4786-768x1024.jpg 768w, https:\/\/propono.fr\/wp-content\/uploads\/2025\/07\/IMG_4786-225x300.jpg 225w, https:\/\/propono.fr\/wp-content\/uploads\/2025\/07\/IMG_4786-1152x1536.jpg 1152w, https:\/\/propono.fr\/wp-content\/uploads\/2025\/07\/IMG_4786-1536x2048.jpg 1536w, https:\/\/propono.fr\/wp-content\/uploads\/2025\/07\/IMG_4786-scaled.jpg 1920w\" sizes=\"(max-width: 768px) 100vw, 768px\" \/>\t\t\t\t\t\t\t\t\t\t\t\t\t\t\t<\/div>\n\t\t\t\t<\/div>\n\t\t\t\t<div class=\"elementor-element elementor-element-0c03634 elementor-widget elementor-widget-image\" data-id=\"0c03634\" data-element_type=\"widget\" data-widget_type=\"image.default\">\n\t\t\t\t<div class=\"elementor-widget-container\">\n\t\t\t\t\t\t\t\t\t\t\t\t\t\t\t<img decoding=\"async\" width=\"768\" height=\"1024\" src=\"https:\/\/propono.fr\/wp-content\/uploads\/2025\/07\/IMG_4776-768x1024.jpg\" class=\"attachment-large size-large wp-image-696\" alt=\"\" srcset=\"https:\/\/propono.fr\/wp-content\/uploads\/2025\/07\/IMG_4776-768x1024.jpg 768w, https:\/\/propono.fr\/wp-content\/uploads\/2025\/07\/IMG_4776-225x300.jpg 225w, https:\/\/propono.fr\/wp-content\/uploads\/2025\/07\/IMG_4776-1152x1536.jpg 1152w, https:\/\/propono.fr\/wp-content\/uploads\/2025\/07\/IMG_4776-1536x2048.jpg 1536w, https:\/\/propono.fr\/wp-content\/uploads\/2025\/07\/IMG_4776-scaled.jpg 1920w\" sizes=\"(max-width: 768px) 100vw, 768px\" \/>\t\t\t\t\t\t\t\t\t\t\t\t\t\t\t<\/div>\n\t\t\t\t<\/div>\n\t\t\t\t<div class=\"elementor-element elementor-element-69f0b8d elementor-widget elementor-widget-image\" data-id=\"69f0b8d\" data-element_type=\"widget\" data-widget_type=\"image.default\">\n\t\t\t\t<div class=\"elementor-widget-container\">\n\t\t\t\t\t\t\t\t\t\t\t\t\t\t\t<img decoding=\"async\" width=\"768\" height=\"1024\" src=\"https:\/\/propono.fr\/wp-content\/uploads\/2025\/07\/IMG_4882-768x1024.jpg\" class=\"attachment-large size-large wp-image-698\" alt=\"\" srcset=\"https:\/\/propono.fr\/wp-content\/uploads\/2025\/07\/IMG_4882-768x1024.jpg 768w, https:\/\/propono.fr\/wp-content\/uploads\/2025\/07\/IMG_4882-225x300.jpg 225w, https:\/\/propono.fr\/wp-content\/uploads\/2025\/07\/IMG_4882-1152x1536.jpg 1152w, https:\/\/propono.fr\/wp-content\/uploads\/2025\/07\/IMG_4882-1536x2048.jpg 1536w, https:\/\/propono.fr\/wp-content\/uploads\/2025\/07\/IMG_4882-scaled.jpg 1920w\" sizes=\"(max-width: 768px) 100vw, 768px\" \/>\t\t\t\t\t\t\t\t\t\t\t\t\t\t\t<\/div>\n\t\t\t\t<\/div>\n\t\t\t\t<\/div>\n\t\t\t\t<div class=\"elementor-element elementor-element-ab6af44 elementor-hidden-desktop elementor-hidden-tablet elementor-pagination-position-outside elementor-widget elementor-widget-image-carousel\" data-id=\"ab6af44\" data-element_type=\"widget\" data-settings=\"{&quot;navigation&quot;:&quot;dots&quot;,&quot;autoplay&quot;:&quot;yes&quot;,&quot;pause_on_hover&quot;:&quot;yes&quot;,&quot;pause_on_interaction&quot;:&quot;yes&quot;,&quot;autoplay_speed&quot;:5000,&quot;infinite&quot;:&quot;yes&quot;,&quot;speed&quot;:500}\" data-widget_type=\"image-carousel.default\">\n\t\t\t\t<div class=\"elementor-widget-container\">\n\t\t\t\t\t\t\t<div class=\"elementor-image-carousel-wrapper swiper\" role=\"region\" aria-roledescription=\"carousel\" aria-label=\"Carrousel d\u2019images\" dir=\"ltr\">\n\t\t\t<div class=\"elementor-image-carousel swiper-wrapper\" aria-live=\"off\">\n\t\t\t\t\t\t\t\t<div class=\"swiper-slide\" role=\"group\" aria-roledescription=\"slide\" aria-label=\"1 sur 3\"><figure class=\"swiper-slide-inner\"><img decoding=\"async\" class=\"swiper-slide-image\" src=\"https:\/\/propono.fr\/wp-content\/uploads\/2025\/07\/IMG_4786-scaled.jpg\" alt=\"propono-soclage\" \/><\/figure><\/div><div class=\"swiper-slide\" role=\"group\" aria-roledescription=\"slide\" aria-label=\"2 sur 3\"><figure class=\"swiper-slide-inner\"><img decoding=\"async\" class=\"swiper-slide-image\" src=\"https:\/\/propono.fr\/wp-content\/uploads\/2025\/07\/IMG_4776-scaled.jpg\" alt=\"propono-soclage\" \/><\/figure><\/div><div class=\"swiper-slide\" role=\"group\" aria-roledescription=\"slide\" aria-label=\"3 sur 3\"><figure class=\"swiper-slide-inner\"><img decoding=\"async\" class=\"swiper-slide-image\" src=\"https:\/\/propono.fr\/wp-content\/uploads\/2025\/07\/IMG_4882-scaled.jpg\" alt=\"propono-soclage\" \/><\/figure><\/div>\t\t\t<\/div>\n\t\t\t\t\t\t\t\n\t\t\t\t\t\t\t\t\t<div class=\"swiper-pagination\"><\/div>\n\t\t\t\t\t\t\t\t\t<\/div>\n\t\t\t\t\t\t<\/div>\n\t\t\t\t<\/div>\n\t\t\t\t<div class=\"elementor-element elementor-element-6b1fbca elementor-widget elementor-widget-spacer\" data-id=\"6b1fbca\" data-element_type=\"widget\" data-widget_type=\"spacer.default\">\n\t\t\t\t<div class=\"elementor-widget-container\">\n\t\t\t\t\t\t\t<div class=\"elementor-spacer\">\n\t\t\t<div class=\"elementor-spacer-inner\"><\/div>\n\t\t<\/div>\n\t\t\t\t\t\t<\/div>\n\t\t\t\t<\/div>\n\t\t\t\t\t<\/div>\n\t\t\t\t<\/div>\n\t\t<div class=\"elementor-element elementor-element-3ed3596 e-flex e-con-boxed e-con e-parent\" data-id=\"3ed3596\" data-element_type=\"container\">\n\t\t\t\t\t<div class=\"e-con-inner\">\n\t\t<div class=\"elementor-element elementor-element-a208f9c e-grid e-con-full e-con e-child\" data-id=\"a208f9c\" data-element_type=\"container\">\n\t\t\t\t<div class=\"elementor-element elementor-element-229b648 elementor-invisible elementor-widget elementor-widget-text-editor\" data-id=\"229b648\" data-element_type=\"widget\" data-settings=\"{&quot;_animation&quot;:&quot;fadeIn&quot;}\" data-widget_type=\"text-editor.default\">\n\t\t\t\t<div class=\"elementor-widget-container\">\n\t\t\t\t\t\t\t\t\t<p><strong>propono<\/strong> con\u00e7oit des espaces et des structures adapt\u00e9es \u00e0 la pr\u00e9sentation de collection. Elle r\u00e9alise aussi dans ses ateliers nombre de dispositifs sc\u00e9nographiques, didactiques et narratifs.<\/p><p>Depuis pr\u00e8s de 10 ans notre \u00e9quipe travaille \u00e0 d\u00e9velopper la ma\u00eetrise de ses savoir-faire afin d\u2019\u00eatre le partenaire de tous vos projets. Attentifs, curieux et cr\u00e9atifs, nous nous adaptons et nous effor\u00e7ons de proposer des solutions efficaces, innovantes et fiables.<\/p><p>Conscients des enjeux, nous nous engageons dans tout ce que nous faisons \u00e0 veiller aux moindres d\u00e9tails. Visant l\u2019alliance parfaite entre esth\u00e9tique et respect des normes de conservation, nous tentons toujours de proposer <strong>une exp\u00e9rience immersive originale, p\u00e9dagogique et qualitative au service des collections, des lieux et du propos.<\/strong><\/p>\t\t\t\t\t\t\t\t<\/div>\n\t\t\t\t<\/div>\n\t\t\t\t<\/div>\n\t\t<div class=\"elementor-element elementor-element-bb30dbd e-grid e-con-full elementor-hidden-mobile e-con e-child\" data-id=\"bb30dbd\" data-element_type=\"container\">\n\t\t\t\t<div class=\"elementor-element elementor-element-39d9465 elementor-widget elementor-widget-spacer\" data-id=\"39d9465\" data-element_type=\"widget\" data-widget_type=\"spacer.default\">\n\t\t\t\t<div class=\"elementor-widget-container\">\n\t\t\t\t\t\t\t<div class=\"elementor-spacer\">\n\t\t\t<div class=\"elementor-spacer-inner\"><\/div>\n\t\t<\/div>\n\t\t\t\t\t\t<\/div>\n\t\t\t\t<\/div>\n\t\t\t\t<div class=\"elementor-element elementor-element-f1fd811 elementor-widget elementor-widget-spacer\" data-id=\"f1fd811\" data-element_type=\"widget\" data-widget_type=\"spacer.default\">\n\t\t\t\t<div class=\"elementor-widget-container\">\n\t\t\t\t\t\t\t<div class=\"elementor-spacer\">\n\t\t\t<div class=\"elementor-spacer-inner\"><\/div>\n\t\t<\/div>\n\t\t\t\t\t\t<\/div>\n\t\t\t\t<\/div>\n\t\t\t\t<div class=\"elementor-element elementor-element-8672bab elementor-widget elementor-widget-spacer\" data-id=\"8672bab\" data-element_type=\"widget\" data-widget_type=\"spacer.default\">\n\t\t\t\t<div class=\"elementor-widget-container\">\n\t\t\t\t\t\t\t<div class=\"elementor-spacer\">\n\t\t\t<div class=\"elementor-spacer-inner\"><\/div>\n\t\t<\/div>\n\t\t\t\t\t\t<\/div>\n\t\t\t\t<\/div>\n\t\t\t\t<div class=\"elementor-element elementor-element-a0e4497 elementor-widget elementor-widget-spacer\" data-id=\"a0e4497\" data-element_type=\"widget\" data-widget_type=\"spacer.default\">\n\t\t\t\t<div class=\"elementor-widget-container\">\n\t\t\t\t\t\t\t<div class=\"elementor-spacer\">\n\t\t\t<div class=\"elementor-spacer-inner\"><\/div>\n\t\t<\/div>\n\t\t\t\t\t\t<\/div>\n\t\t\t\t<\/div>\n\t\t\t\t<div class=\"elementor-element elementor-element-a9da062 elementor-widget elementor-widget-spacer\" data-id=\"a9da062\" data-element_type=\"widget\" data-widget_type=\"spacer.default\">\n\t\t\t\t<div class=\"elementor-widget-container\">\n\t\t\t\t\t\t\t<div class=\"elementor-spacer\">\n\t\t\t<div class=\"elementor-spacer-inner\"><\/div>\n\t\t<\/div>\n\t\t\t\t\t\t<\/div>\n\t\t\t\t<\/div>\n\t\t\t\t<div class=\"elementor-element elementor-element-9c0fbcb elementor-widget elementor-widget-spacer\" data-id=\"9c0fbcb\" data-element_type=\"widget\" data-widget_type=\"spacer.default\">\n\t\t\t\t<div class=\"elementor-widget-container\">\n\t\t\t\t\t\t\t<div class=\"elementor-spacer\">\n\t\t\t<div class=\"elementor-spacer-inner\"><\/div>\n\t\t<\/div>\n\t\t\t\t\t\t<\/div>\n\t\t\t\t<\/div>\n\t\t\t\t<div class=\"elementor-element elementor-element-c98bd5f elementor-widget elementor-widget-spacer\" data-id=\"c98bd5f\" data-element_type=\"widget\" data-widget_type=\"spacer.default\">\n\t\t\t\t<div class=\"elementor-widget-container\">\n\t\t\t\t\t\t\t<div class=\"elementor-spacer\">\n\t\t\t<div class=\"elementor-spacer-inner\"><\/div>\n\t\t<\/div>\n\t\t\t\t\t\t<\/div>\n\t\t\t\t<\/div>\n\t\t\t\t<div class=\"elementor-element elementor-element-2d1c7fe elementor-widget elementor-widget-spacer\" data-id=\"2d1c7fe\" data-element_type=\"widget\" data-widget_type=\"spacer.default\">\n\t\t\t\t<div class=\"elementor-widget-container\">\n\t\t\t\t\t\t\t<div class=\"elementor-spacer\">\n\t\t\t<div class=\"elementor-spacer-inner\"><\/div>\n\t\t<\/div>\n\t\t\t\t\t\t<\/div>\n\t\t\t\t<\/div>\n\t\t\t\t<div class=\"elementor-element elementor-element-fa1c32d elementor-widget elementor-widget-spacer\" data-id=\"fa1c32d\" data-element_type=\"widget\" data-widget_type=\"spacer.default\">\n\t\t\t\t<div class=\"elementor-widget-container\">\n\t\t\t\t\t\t\t<div class=\"elementor-spacer\">\n\t\t\t<div class=\"elementor-spacer-inner\"><\/div>\n\t\t<\/div>\n\t\t\t\t\t\t<\/div>\n\t\t\t\t<\/div>\n\t\t\t\t<div class=\"elementor-element elementor-element-04b85a7 elementor-widget elementor-widget-spacer\" data-id=\"04b85a7\" data-element_type=\"widget\" data-widget_type=\"spacer.default\">\n\t\t\t\t<div class=\"elementor-widget-container\">\n\t\t\t\t\t\t\t<div class=\"elementor-spacer\">\n\t\t\t<div class=\"elementor-spacer-inner\"><\/div>\n\t\t<\/div>\n\t\t\t\t\t\t<\/div>\n\t\t\t\t<\/div>\n\t\t\t\t<div class=\"elementor-element elementor-element-94b5add elementor-widget elementor-widget-image\" data-id=\"94b5add\" data-element_type=\"widget\" data-widget_type=\"image.default\">\n\t\t\t\t<div class=\"elementor-widget-container\">\n\t\t\t\t\t\t\t\t\t\t\t\t\t\t\t<img loading=\"lazy\" decoding=\"async\" width=\"512\" height=\"512\" src=\"https:\/\/propono.fr\/wp-content\/uploads\/2025\/07\/cropped-Copie-de-Sans-titre.png\" class=\"attachment-large size-large wp-image-947\" alt=\"\" srcset=\"https:\/\/propono.fr\/wp-content\/uploads\/2025\/07\/cropped-Copie-de-Sans-titre.png 512w, https:\/\/propono.fr\/wp-content\/uploads\/2025\/07\/cropped-Copie-de-Sans-titre-300x300.png 300w, https:\/\/propono.fr\/wp-content\/uploads\/2025\/07\/cropped-Copie-de-Sans-titre-150x150.png 150w, https:\/\/propono.fr\/wp-content\/uploads\/2025\/07\/cropped-Copie-de-Sans-titre-270x270.png 270w, https:\/\/propono.fr\/wp-content\/uploads\/2025\/07\/cropped-Copie-de-Sans-titre-192x192.png 192w, https:\/\/propono.fr\/wp-content\/uploads\/2025\/07\/cropped-Copie-de-Sans-titre-180x180.png 180w, https:\/\/propono.fr\/wp-content\/uploads\/2025\/07\/cropped-Copie-de-Sans-titre-32x32.png 32w, https:\/\/propono.fr\/wp-content\/uploads\/2025\/07\/elementor\/thumbs\/cropped-Copie-de-Sans-titre-r8lqfwwhh0fnkk4p69iugso2r3t0983zl4ciz4mtc4.png 90w, https:\/\/propono.fr\/wp-content\/uploads\/2025\/07\/elementor\/thumbs\/cropped-Copie-de-Sans-titre-r8lqfwwhcmk0erbbqdfq96s8nddue1sezxw0czl3c0.png 80w\" sizes=\"(max-width: 512px) 100vw, 512px\" \/>\t\t\t\t\t\t\t\t\t\t\t\t\t\t\t<\/div>\n\t\t\t\t<\/div>\n\t\t\t\t<\/div>\n\t\t\t\t\t<\/div>\n\t\t\t\t<\/div>\n\t\t\t\t<\/div>\n\t\t","protected":false},"excerpt":{"rendered":"<p>propono con\u00e7oit des espaces et des structures adapt\u00e9es \u00e0 la pr\u00e9sentation de collection. Elle r\u00e9alise aussi dans ses ateliers nombre de dispositifs sc\u00e9nographiques, didactiques et narratifs. Depuis pr\u00e8s de 10 ans notre \u00e9quipe travaille \u00e0 d\u00e9velopper la ma\u00eetrise de ses savoir-faire afin d\u2019\u00eatre le partenaire de tous vos projets. Attentifs, curieux et cr\u00e9atifs, nous nous [&hellip;]<\/p>\n","protected":false},"author":1,"featured_media":0,"parent":0,"menu_order":0,"comment_status":"closed","ping_status":"closed","template":"","meta":{"footnotes":""},"class_list":["post-25","page","type-page","status-publish","hentry"],"yoast_head":"<!-- This site is optimized with the Yoast SEO plugin v25.7 - https:\/\/yoast.com\/wordpress\/plugins\/seo\/ -->\n<title>Accueil | Propono | Sc\u00e9nographie et soclage<\/title>\n<meta name=\"description\" content=\"Propono est une entreprise bas\u00e9e en Corse, sp\u00e9cialis\u00e9e dans la sc\u00e9nographie, le soclage et la fabrication de mobilier mus\u00e9al sur mesure.\" \/>\n<meta name=\"robots\" content=\"index, follow, max-snippet:-1, max-image-preview:large, max-video-preview:-1\" \/>\n<link rel=\"canonical\" href=\"https:\/\/propono.fr\/\" \/>\n<meta property=\"og:locale\" content=\"fr_FR\" \/>\n<meta property=\"og:type\" content=\"article\" \/>\n<meta property=\"og:title\" content=\"Accueil | Propono | Sc\u00e9nographie et soclage\" \/>\n<meta property=\"og:description\" content=\"Propono est une entreprise bas\u00e9e en Corse, sp\u00e9cialis\u00e9e dans la sc\u00e9nographie, le soclage et la fabrication de mobilier mus\u00e9al sur mesure.\" \/>\n<meta property=\"og:url\" content=\"https:\/\/propono.fr\/\" \/>\n<meta property=\"og:site_name\" content=\"Propono - Sc\u00e9nographie et soclage\" \/>\n<meta property=\"article:modified_time\" content=\"2026-02-02T14:21:04+00:00\" \/>\n<meta property=\"og:image\" content=\"https:\/\/propono.fr\/wp-content\/uploads\/2025\/07\/IMG_4786-scaled.jpg\" \/>\n\t<meta property=\"og:image:width\" content=\"1920\" \/>\n\t<meta property=\"og:image:height\" content=\"2560\" \/>\n\t<meta property=\"og:image:type\" content=\"image\/jpeg\" \/>\n<meta name=\"twitter:card\" content=\"summary_large_image\" \/>\n<meta name=\"twitter:label1\" content=\"Dur\u00e9e de lecture estim\u00e9e\" \/>\n\t<meta name=\"twitter:data1\" content=\"4 minutes\" \/>\n<script type=\"application\/ld+json\" class=\"yoast-schema-graph\">{\"@context\":\"https:\/\/schema.org\",\"@graph\":[{\"@type\":\"WebPage\",\"@id\":\"https:\/\/propono.fr\/\",\"url\":\"https:\/\/propono.fr\/\",\"name\":\"Accueil | Propono | Sc\u00e9nographie et soclage\",\"isPartOf\":{\"@id\":\"https:\/\/propono.fr\/#website\"},\"primaryImageOfPage\":{\"@id\":\"https:\/\/propono.fr\/#primaryimage\"},\"image\":{\"@id\":\"https:\/\/propono.fr\/#primaryimage\"},\"thumbnailUrl\":\"http:\/\/propono.fr\/wp-content\/uploads\/2025\/07\/IMG_4786-768x1024.jpg\",\"datePublished\":\"2025-01-28T13:29:45+00:00\",\"dateModified\":\"2026-02-02T14:21:04+00:00\",\"description\":\"Propono est une entreprise bas\u00e9e en Corse, sp\u00e9cialis\u00e9e dans la sc\u00e9nographie, le soclage et la fabrication de mobilier mus\u00e9al sur mesure.\",\"breadcrumb\":{\"@id\":\"https:\/\/propono.fr\/#breadcrumb\"},\"inLanguage\":\"fr-FR\",\"potentialAction\":[{\"@type\":\"ReadAction\",\"target\":[\"https:\/\/propono.fr\/\"]}]},{\"@type\":\"ImageObject\",\"inLanguage\":\"fr-FR\",\"@id\":\"https:\/\/propono.fr\/#primaryimage\",\"url\":\"https:\/\/propono.fr\/wp-content\/uploads\/2025\/07\/IMG_4786-scaled.jpg\",\"contentUrl\":\"https:\/\/propono.fr\/wp-content\/uploads\/2025\/07\/IMG_4786-scaled.jpg\",\"width\":1920,\"height\":2560},{\"@type\":\"BreadcrumbList\",\"@id\":\"https:\/\/propono.fr\/#breadcrumb\",\"itemListElement\":[{\"@type\":\"ListItem\",\"position\":1,\"name\":\"Accueil\",\"item\":\"https:\/\/propono.fr\/\"},{\"@type\":\"ListItem\",\"position\":2,\"name\":\"Accueil\"}]},{\"@type\":\"WebSite\",\"@id\":\"https:\/\/propono.fr\/#website\",\"url\":\"https:\/\/propono.fr\/\",\"name\":\"Propono - Sc\u00e9nographie et soclage\",\"description\":\"\",\"publisher\":{\"@id\":\"https:\/\/propono.fr\/#organization\"},\"potentialAction\":[{\"@type\":\"SearchAction\",\"target\":{\"@type\":\"EntryPoint\",\"urlTemplate\":\"https:\/\/propono.fr\/?s={search_term_string}\"},\"query-input\":{\"@type\":\"PropertyValueSpecification\",\"valueRequired\":true,\"valueName\":\"search_term_string\"}}],\"inLanguage\":\"fr-FR\"},{\"@type\":\"Organization\",\"@id\":\"https:\/\/propono.fr\/#organization\",\"name\":\"Propono\",\"url\":\"https:\/\/propono.fr\/\",\"logo\":{\"@type\":\"ImageObject\",\"inLanguage\":\"fr-FR\",\"@id\":\"https:\/\/propono.fr\/#\/schema\/logo\/image\/\",\"url\":\"https:\/\/propono.fr\/wp-content\/uploads\/2025\/01\/propono-500-x-250-px-1.png\",\"contentUrl\":\"https:\/\/propono.fr\/wp-content\/uploads\/2025\/01\/propono-500-x-250-px-1.png\",\"width\":1563,\"height\":469,\"caption\":\"Propono\"},\"image\":{\"@id\":\"https:\/\/propono.fr\/#\/schema\/logo\/image\/\"}}]}<\/script>\n<!-- \/ Yoast SEO plugin. -->","yoast_head_json":{"title":"Accueil | Propono | Sc\u00e9nographie et soclage","description":"Propono est une entreprise bas\u00e9e en Corse, sp\u00e9cialis\u00e9e dans la sc\u00e9nographie, le soclage et la fabrication de mobilier mus\u00e9al sur mesure.","robots":{"index":"index","follow":"follow","max-snippet":"max-snippet:-1","max-image-preview":"max-image-preview:large","max-video-preview":"max-video-preview:-1"},"canonical":"https:\/\/propono.fr\/","og_locale":"fr_FR","og_type":"article","og_title":"Accueil | Propono | Sc\u00e9nographie et soclage","og_description":"Propono est une entreprise bas\u00e9e en Corse, sp\u00e9cialis\u00e9e dans la sc\u00e9nographie, le soclage et la fabrication de mobilier mus\u00e9al sur mesure.","og_url":"https:\/\/propono.fr\/","og_site_name":"Propono - Sc\u00e9nographie et soclage","article_modified_time":"2026-02-02T14:21:04+00:00","og_image":[{"width":1920,"height":2560,"url":"https:\/\/propono.fr\/wp-content\/uploads\/2025\/07\/IMG_4786-scaled.jpg","type":"image\/jpeg"}],"twitter_card":"summary_large_image","twitter_misc":{"Dur\u00e9e de lecture estim\u00e9e":"4 minutes"},"schema":{"@context":"https:\/\/schema.org","@graph":[{"@type":"WebPage","@id":"https:\/\/propono.fr\/","url":"https:\/\/propono.fr\/","name":"Accueil | Propono | Sc\u00e9nographie et soclage","isPartOf":{"@id":"https:\/\/propono.fr\/#website"},"primaryImageOfPage":{"@id":"https:\/\/propono.fr\/#primaryimage"},"image":{"@id":"https:\/\/propono.fr\/#primaryimage"},"thumbnailUrl":"http:\/\/propono.fr\/wp-content\/uploads\/2025\/07\/IMG_4786-768x1024.jpg","datePublished":"2025-01-28T13:29:45+00:00","dateModified":"2026-02-02T14:21:04+00:00","description":"Propono est une entreprise bas\u00e9e en Corse, sp\u00e9cialis\u00e9e dans la sc\u00e9nographie, le soclage et la fabrication de mobilier mus\u00e9al sur mesure.","breadcrumb":{"@id":"https:\/\/propono.fr\/#breadcrumb"},"inLanguage":"fr-FR","potentialAction":[{"@type":"ReadAction","target":["https:\/\/propono.fr\/"]}]},{"@type":"ImageObject","inLanguage":"fr-FR","@id":"https:\/\/propono.fr\/#primaryimage","url":"https:\/\/propono.fr\/wp-content\/uploads\/2025\/07\/IMG_4786-scaled.jpg","contentUrl":"https:\/\/propono.fr\/wp-content\/uploads\/2025\/07\/IMG_4786-scaled.jpg","width":1920,"height":2560},{"@type":"BreadcrumbList","@id":"https:\/\/propono.fr\/#breadcrumb","itemListElement":[{"@type":"ListItem","position":1,"name":"Accueil","item":"https:\/\/propono.fr\/"},{"@type":"ListItem","position":2,"name":"Accueil"}]},{"@type":"WebSite","@id":"https:\/\/propono.fr\/#website","url":"https:\/\/propono.fr\/","name":"Propono - Sc\u00e9nographie et soclage","description":"","publisher":{"@id":"https:\/\/propono.fr\/#organization"},"potentialAction":[{"@type":"SearchAction","target":{"@type":"EntryPoint","urlTemplate":"https:\/\/propono.fr\/?s={search_term_string}"},"query-input":{"@type":"PropertyValueSpecification","valueRequired":true,"valueName":"search_term_string"}}],"inLanguage":"fr-FR"},{"@type":"Organization","@id":"https:\/\/propono.fr\/#organization","name":"Propono","url":"https:\/\/propono.fr\/","logo":{"@type":"ImageObject","inLanguage":"fr-FR","@id":"https:\/\/propono.fr\/#\/schema\/logo\/image\/","url":"https:\/\/propono.fr\/wp-content\/uploads\/2025\/01\/propono-500-x-250-px-1.png","contentUrl":"https:\/\/propono.fr\/wp-content\/uploads\/2025\/01\/propono-500-x-250-px-1.png","width":1563,"height":469,"caption":"Propono"},"image":{"@id":"https:\/\/propono.fr\/#\/schema\/logo\/image\/"}}]}},"_links":{"self":[{"href":"https:\/\/propono.fr\/index.php\/wp-json\/wp\/v2\/pages\/25","targetHints":{"allow":["GET"]}}],"collection":[{"href":"https:\/\/propono.fr\/index.php\/wp-json\/wp\/v2\/pages"}],"about":[{"href":"https:\/\/propono.fr\/index.php\/wp-json\/wp\/v2\/types\/page"}],"author":[{"embeddable":true,"href":"https:\/\/propono.fr\/index.php\/wp-json\/wp\/v2\/users\/1"}],"replies":[{"embeddable":true,"href":"https:\/\/propono.fr\/index.php\/wp-json\/wp\/v2\/comments?post=25"}],"version-history":[{"count":462,"href":"https:\/\/propono.fr\/index.php\/wp-json\/wp\/v2\/pages\/25\/revisions"}],"predecessor-version":[{"id":2266,"href":"https:\/\/propono.fr\/index.php\/wp-json\/wp\/v2\/pages\/25\/revisions\/2266"}],"wp:attachment":[{"href":"https:\/\/propono.fr\/index.php\/wp-json\/wp\/v2\/media?parent=25"}],"curies":[{"name":"wp","href":"https:\/\/api.w.org\/{rel}","templated":true}]}}