{"id":31,"date":"2025-01-28T14:29:29","date_gmt":"2025-01-28T13:29:29","guid":{"rendered":"http:\/\/propono.fr\/?page_id=31"},"modified":"2026-01-30T18:26:20","modified_gmt":"2026-01-30T17:26:20","slug":"a-propos","status":"publish","type":"page","link":"https:\/\/propono.fr\/index.php\/a-propos\/","title":{"rendered":"L&rsquo;entreprise"},"content":{"rendered":"\t\t<div data-elementor-type=\"wp-page\" data-elementor-id=\"31\" class=\"elementor elementor-31\">\n\t\t\t\t<div class=\"elementor-element elementor-element-727d413 e-flex e-con-boxed e-con e-parent\" data-id=\"727d413\" data-element_type=\"container\">\n\t\t\t\t\t<div class=\"e-con-inner\">\n\t\t\t\t<div class=\"elementor-element elementor-element-e2b3ad6 elementor-widget elementor-widget-spacer\" data-id=\"e2b3ad6\" data-element_type=\"widget\" data-widget_type=\"spacer.default\">\n\t\t\t\t<div class=\"elementor-widget-container\">\n\t\t\t\t\t\t\t<div class=\"elementor-spacer\">\n\t\t\t<div class=\"elementor-spacer-inner\"><\/div>\n\t\t<\/div>\n\t\t\t\t\t\t<\/div>\n\t\t\t\t<\/div>\n\t\t\t\t<div class=\"elementor-element elementor-element-1685f8f elementor-invisible elementor-widget elementor-widget-heading\" data-id=\"1685f8f\" data-element_type=\"widget\" data-settings=\"{&quot;_animation&quot;:&quot;fadeIn&quot;}\" data-widget_type=\"heading.default\">\n\t\t\t\t<div class=\"elementor-widget-container\">\n\t\t\t\t\t<h2 class=\"elementor-heading-title elementor-size-default\">L'entreprise<\/h2>\t\t\t\t<\/div>\n\t\t\t\t<\/div>\n\t\t<div class=\"elementor-element elementor-element-8f70c3d e-grid e-con-full elementor-invisible e-con e-child\" data-id=\"8f70c3d\" data-element_type=\"container\" data-settings=\"{&quot;animation&quot;:&quot;fadeIn&quot;}\">\n\t\t\t\t<div class=\"elementor-element elementor-element-4ce19ec elementor-invisible elementor-widget elementor-widget-text-editor\" data-id=\"4ce19ec\" data-element_type=\"widget\" data-settings=\"{&quot;_animation&quot;:&quot;fadeIn&quot;}\" data-widget_type=\"text-editor.default\">\n\t\t\t\t<div class=\"elementor-widget-container\">\n\t\t\t\t\t\t\t\t\t<p>Aujourd\u2019hui la soci\u00e9t\u00e9 Espaces change de nom. Par ce choix, nous d\u00e9sirons offrir un cadre plus lisible et plus structur\u00e9 \u00e0 nos partenaires.<\/p><p><strong>propono<\/strong>, le nom change mais l\u2019\u00e9quipe reste.\u00a0<\/p><p>Depuis plusieurs ann\u00e9es, nous travaillons ensemble et d\u00e9veloppons chacun des comp\u00e9tences compl\u00e9mentaires afin d\u2019offrir un service des plus global aux mus\u00e9es, espaces d\u2019exposition, projets associatifs et personnels.<\/p>\t\t\t\t\t\t\t\t<\/div>\n\t\t\t\t<\/div>\n\t\t\t\t<\/div>\n\t\t<div class=\"elementor-element elementor-element-5bf46fa e-grid e-con-full elementor-hidden-mobile e-con e-child\" data-id=\"5bf46fa\" data-element_type=\"container\">\n\t\t\t\t<div class=\"elementor-element elementor-element-80adaf0 elementor-widget elementor-widget-spacer\" data-id=\"80adaf0\" data-element_type=\"widget\" data-widget_type=\"spacer.default\">\n\t\t\t\t<div class=\"elementor-widget-container\">\n\t\t\t\t\t\t\t<div class=\"elementor-spacer\">\n\t\t\t<div class=\"elementor-spacer-inner\"><\/div>\n\t\t<\/div>\n\t\t\t\t\t\t<\/div>\n\t\t\t\t<\/div>\n\t\t\t\t<div class=\"elementor-element elementor-element-2295935 elementor-widget elementor-widget-spacer\" data-id=\"2295935\" data-element_type=\"widget\" data-widget_type=\"spacer.default\">\n\t\t\t\t<div class=\"elementor-widget-container\">\n\t\t\t\t\t\t\t<div class=\"elementor-spacer\">\n\t\t\t<div class=\"elementor-spacer-inner\"><\/div>\n\t\t<\/div>\n\t\t\t\t\t\t<\/div>\n\t\t\t\t<\/div>\n\t\t\t\t<div class=\"elementor-element elementor-element-f3ab8ca elementor-widget elementor-widget-spacer\" data-id=\"f3ab8ca\" data-element_type=\"widget\" data-widget_type=\"spacer.default\">\n\t\t\t\t<div class=\"elementor-widget-container\">\n\t\t\t\t\t\t\t<div class=\"elementor-spacer\">\n\t\t\t<div class=\"elementor-spacer-inner\"><\/div>\n\t\t<\/div>\n\t\t\t\t\t\t<\/div>\n\t\t\t\t<\/div>\n\t\t\t\t<div class=\"elementor-element elementor-element-07a3e3a elementor-widget elementor-widget-spacer\" data-id=\"07a3e3a\" data-element_type=\"widget\" data-widget_type=\"spacer.default\">\n\t\t\t\t<div class=\"elementor-widget-container\">\n\t\t\t\t\t\t\t<div class=\"elementor-spacer\">\n\t\t\t<div class=\"elementor-spacer-inner\"><\/div>\n\t\t<\/div>\n\t\t\t\t\t\t<\/div>\n\t\t\t\t<\/div>\n\t\t\t\t<div class=\"elementor-element elementor-element-2990201 elementor-widget elementor-widget-spacer\" data-id=\"2990201\" data-element_type=\"widget\" data-widget_type=\"spacer.default\">\n\t\t\t\t<div class=\"elementor-widget-container\">\n\t\t\t\t\t\t\t<div class=\"elementor-spacer\">\n\t\t\t<div class=\"elementor-spacer-inner\"><\/div>\n\t\t<\/div>\n\t\t\t\t\t\t<\/div>\n\t\t\t\t<\/div>\n\t\t\t\t<div class=\"elementor-element elementor-element-f6ccce7 elementor-widget elementor-widget-spacer\" data-id=\"f6ccce7\" data-element_type=\"widget\" data-widget_type=\"spacer.default\">\n\t\t\t\t<div class=\"elementor-widget-container\">\n\t\t\t\t\t\t\t<div class=\"elementor-spacer\">\n\t\t\t<div class=\"elementor-spacer-inner\"><\/div>\n\t\t<\/div>\n\t\t\t\t\t\t<\/div>\n\t\t\t\t<\/div>\n\t\t\t\t<div class=\"elementor-element elementor-element-e127a20 elementor-widget elementor-widget-spacer\" data-id=\"e127a20\" data-element_type=\"widget\" data-widget_type=\"spacer.default\">\n\t\t\t\t<div class=\"elementor-widget-container\">\n\t\t\t\t\t\t\t<div class=\"elementor-spacer\">\n\t\t\t<div class=\"elementor-spacer-inner\"><\/div>\n\t\t<\/div>\n\t\t\t\t\t\t<\/div>\n\t\t\t\t<\/div>\n\t\t\t\t<div class=\"elementor-element elementor-element-9a69252 elementor-widget elementor-widget-spacer\" data-id=\"9a69252\" data-element_type=\"widget\" data-widget_type=\"spacer.default\">\n\t\t\t\t<div class=\"elementor-widget-container\">\n\t\t\t\t\t\t\t<div class=\"elementor-spacer\">\n\t\t\t<div class=\"elementor-spacer-inner\"><\/div>\n\t\t<\/div>\n\t\t\t\t\t\t<\/div>\n\t\t\t\t<\/div>\n\t\t\t\t<div class=\"elementor-element elementor-element-c97034a elementor-widget elementor-widget-spacer\" data-id=\"c97034a\" data-element_type=\"widget\" data-widget_type=\"spacer.default\">\n\t\t\t\t<div class=\"elementor-widget-container\">\n\t\t\t\t\t\t\t<div class=\"elementor-spacer\">\n\t\t\t<div class=\"elementor-spacer-inner\"><\/div>\n\t\t<\/div>\n\t\t\t\t\t\t<\/div>\n\t\t\t\t<\/div>\n\t\t\t\t<div class=\"elementor-element elementor-element-97286b1 elementor-widget elementor-widget-spacer\" data-id=\"97286b1\" data-element_type=\"widget\" data-widget_type=\"spacer.default\">\n\t\t\t\t<div class=\"elementor-widget-container\">\n\t\t\t\t\t\t\t<div class=\"elementor-spacer\">\n\t\t\t<div class=\"elementor-spacer-inner\"><\/div>\n\t\t<\/div>\n\t\t\t\t\t\t<\/div>\n\t\t\t\t<\/div>\n\t\t\t\t<div class=\"elementor-element elementor-element-ba335ae elementor-widget elementor-widget-image\" data-id=\"ba335ae\" data-element_type=\"widget\" data-widget_type=\"image.default\">\n\t\t\t\t<div class=\"elementor-widget-container\">\n\t\t\t\t\t\t\t\t\t\t\t\t\t\t\t<img fetchpriority=\"high\" decoding=\"async\" width=\"512\" height=\"512\" src=\"https:\/\/propono.fr\/wp-content\/uploads\/2025\/07\/cropped-Copie-de-Sans-titre.png\" class=\"attachment-large size-large wp-image-947\" alt=\"\" srcset=\"https:\/\/propono.fr\/wp-content\/uploads\/2025\/07\/cropped-Copie-de-Sans-titre.png 512w, https:\/\/propono.fr\/wp-content\/uploads\/2025\/07\/cropped-Copie-de-Sans-titre-300x300.png 300w, https:\/\/propono.fr\/wp-content\/uploads\/2025\/07\/cropped-Copie-de-Sans-titre-150x150.png 150w, https:\/\/propono.fr\/wp-content\/uploads\/2025\/07\/cropped-Copie-de-Sans-titre-270x270.png 270w, https:\/\/propono.fr\/wp-content\/uploads\/2025\/07\/cropped-Copie-de-Sans-titre-192x192.png 192w, https:\/\/propono.fr\/wp-content\/uploads\/2025\/07\/cropped-Copie-de-Sans-titre-180x180.png 180w, https:\/\/propono.fr\/wp-content\/uploads\/2025\/07\/cropped-Copie-de-Sans-titre-32x32.png 32w, https:\/\/propono.fr\/wp-content\/uploads\/2025\/07\/elementor\/thumbs\/cropped-Copie-de-Sans-titre-r8lqfwwhh0fnkk4p69iugso2r3t0983zl4ciz4mtc4.png 90w, https:\/\/propono.fr\/wp-content\/uploads\/2025\/07\/elementor\/thumbs\/cropped-Copie-de-Sans-titre-r8lqfwwhcmk0erbbqdfq96s8nddue1sezxw0czl3c0.png 80w\" sizes=\"(max-width: 512px) 100vw, 512px\" \/>\t\t\t\t\t\t\t\t\t\t\t\t\t\t\t<\/div>\n\t\t\t\t<\/div>\n\t\t\t\t<\/div>\n\t\t\t\t\t<\/div>\n\t\t\t\t<\/div>\n\t\t\t\t<\/div>\n\t\t","protected":false},"excerpt":{"rendered":"<p>L&rsquo;entreprise Aujourd\u2019hui la soci\u00e9t\u00e9 Espaces change de nom. Par ce choix, nous d\u00e9sirons offrir un cadre plus lisible et plus structur\u00e9 \u00e0 nos partenaires. propono, le nom change mais l\u2019\u00e9quipe reste.\u00a0 Depuis plusieurs ann\u00e9es, nous travaillons ensemble et d\u00e9veloppons chacun des comp\u00e9tences compl\u00e9mentaires afin d\u2019offrir un service des plus global aux mus\u00e9es, espaces d\u2019exposition, projets [&hellip;]<\/p>\n","protected":false},"author":1,"featured_media":0,"parent":0,"menu_order":0,"comment_status":"closed","ping_status":"closed","template":"","meta":{"footnotes":""},"class_list":["post-31","page","type-page","status-publish","hentry"],"yoast_head":"<!-- This site is optimized with the Yoast SEO plugin v25.7 - https:\/\/yoast.com\/wordpress\/plugins\/seo\/ -->\n<title>\u00c0 propos | Propono | Sc\u00e9nographie et soclage<\/title>\n<meta name=\"description\" content=\"Propono est un atelier bas\u00e9 \u00e0 Bastia, sp\u00e9cialis\u00e9 en sc\u00e9nographie et soclage pour les mus\u00e9es, expositions et institutions culturelles.\" \/>\n<meta name=\"robots\" content=\"index, follow, max-snippet:-1, max-image-preview:large, max-video-preview:-1\" \/>\n<link rel=\"canonical\" href=\"https:\/\/propono.fr\/index.php\/a-propos\/\" \/>\n<meta property=\"og:locale\" content=\"fr_FR\" \/>\n<meta property=\"og:type\" content=\"article\" \/>\n<meta property=\"og:title\" content=\"\u00c0 propos | Propono | Sc\u00e9nographie et soclage\" \/>\n<meta property=\"og:description\" content=\"Propono est un atelier bas\u00e9 \u00e0 Bastia, sp\u00e9cialis\u00e9 en sc\u00e9nographie et soclage pour les mus\u00e9es, expositions et institutions culturelles.\" \/>\n<meta property=\"og:url\" content=\"https:\/\/propono.fr\/index.php\/a-propos\/\" \/>\n<meta property=\"og:site_name\" content=\"Propono - Sc\u00e9nographie et soclage\" \/>\n<meta property=\"article:modified_time\" content=\"2026-01-30T17:26:20+00:00\" \/>\n<meta property=\"og:image\" content=\"http:\/\/propono.fr\/wp-content\/uploads\/2025\/07\/cropped-Copie-de-Sans-titre.png\" \/>\n<meta name=\"twitter:card\" content=\"summary_large_image\" \/>\n<meta name=\"twitter:label1\" content=\"Dur\u00e9e de lecture estim\u00e9e\" \/>\n\t<meta name=\"twitter:data1\" content=\"1 minute\" \/>\n<script type=\"application\/ld+json\" class=\"yoast-schema-graph\">{\"@context\":\"https:\/\/schema.org\",\"@graph\":[{\"@type\":\"WebPage\",\"@id\":\"https:\/\/propono.fr\/index.php\/a-propos\/\",\"url\":\"https:\/\/propono.fr\/index.php\/a-propos\/\",\"name\":\"\u00c0 propos | Propono | Sc\u00e9nographie et soclage\",\"isPartOf\":{\"@id\":\"https:\/\/propono.fr\/#website\"},\"primaryImageOfPage\":{\"@id\":\"https:\/\/propono.fr\/index.php\/a-propos\/#primaryimage\"},\"image\":{\"@id\":\"https:\/\/propono.fr\/index.php\/a-propos\/#primaryimage\"},\"thumbnailUrl\":\"http:\/\/propono.fr\/wp-content\/uploads\/2025\/07\/cropped-Copie-de-Sans-titre.png\",\"datePublished\":\"2025-01-28T13:29:29+00:00\",\"dateModified\":\"2026-01-30T17:26:20+00:00\",\"description\":\"Propono est un atelier bas\u00e9 \u00e0 Bastia, sp\u00e9cialis\u00e9 en sc\u00e9nographie et soclage pour les mus\u00e9es, expositions et institutions culturelles.\",\"breadcrumb\":{\"@id\":\"https:\/\/propono.fr\/index.php\/a-propos\/#breadcrumb\"},\"inLanguage\":\"fr-FR\",\"potentialAction\":[{\"@type\":\"ReadAction\",\"target\":[\"https:\/\/propono.fr\/index.php\/a-propos\/\"]}]},{\"@type\":\"ImageObject\",\"inLanguage\":\"fr-FR\",\"@id\":\"https:\/\/propono.fr\/index.php\/a-propos\/#primaryimage\",\"url\":\"https:\/\/propono.fr\/wp-content\/uploads\/2025\/07\/cropped-Copie-de-Sans-titre.png\",\"contentUrl\":\"https:\/\/propono.fr\/wp-content\/uploads\/2025\/07\/cropped-Copie-de-Sans-titre.png\",\"width\":512,\"height\":512},{\"@type\":\"BreadcrumbList\",\"@id\":\"https:\/\/propono.fr\/index.php\/a-propos\/#breadcrumb\",\"itemListElement\":[{\"@type\":\"ListItem\",\"position\":1,\"name\":\"Accueil\",\"item\":\"https:\/\/propono.fr\/\"},{\"@type\":\"ListItem\",\"position\":2,\"name\":\"L&rsquo;entreprise\"}]},{\"@type\":\"WebSite\",\"@id\":\"https:\/\/propono.fr\/#website\",\"url\":\"https:\/\/propono.fr\/\",\"name\":\"Propono - Sc\u00e9nographie et soclage\",\"description\":\"\",\"publisher\":{\"@id\":\"https:\/\/propono.fr\/#organization\"},\"potentialAction\":[{\"@type\":\"SearchAction\",\"target\":{\"@type\":\"EntryPoint\",\"urlTemplate\":\"https:\/\/propono.fr\/?s={search_term_string}\"},\"query-input\":{\"@type\":\"PropertyValueSpecification\",\"valueRequired\":true,\"valueName\":\"search_term_string\"}}],\"inLanguage\":\"fr-FR\"},{\"@type\":\"Organization\",\"@id\":\"https:\/\/propono.fr\/#organization\",\"name\":\"Propono\",\"url\":\"https:\/\/propono.fr\/\",\"logo\":{\"@type\":\"ImageObject\",\"inLanguage\":\"fr-FR\",\"@id\":\"https:\/\/propono.fr\/#\/schema\/logo\/image\/\",\"url\":\"https:\/\/propono.fr\/wp-content\/uploads\/2025\/01\/propono-500-x-250-px-1.png\",\"contentUrl\":\"https:\/\/propono.fr\/wp-content\/uploads\/2025\/01\/propono-500-x-250-px-1.png\",\"width\":1563,\"height\":469,\"caption\":\"Propono\"},\"image\":{\"@id\":\"https:\/\/propono.fr\/#\/schema\/logo\/image\/\"}}]}<\/script>\n<!-- \/ Yoast SEO plugin. -->","yoast_head_json":{"title":"\u00c0 propos | Propono | Sc\u00e9nographie et soclage","description":"Propono est un atelier bas\u00e9 \u00e0 Bastia, sp\u00e9cialis\u00e9 en sc\u00e9nographie et soclage pour les mus\u00e9es, expositions et institutions culturelles.","robots":{"index":"index","follow":"follow","max-snippet":"max-snippet:-1","max-image-preview":"max-image-preview:large","max-video-preview":"max-video-preview:-1"},"canonical":"https:\/\/propono.fr\/index.php\/a-propos\/","og_locale":"fr_FR","og_type":"article","og_title":"\u00c0 propos | Propono | Sc\u00e9nographie et soclage","og_description":"Propono est un atelier bas\u00e9 \u00e0 Bastia, sp\u00e9cialis\u00e9 en sc\u00e9nographie et soclage pour les mus\u00e9es, expositions et institutions culturelles.","og_url":"https:\/\/propono.fr\/index.php\/a-propos\/","og_site_name":"Propono - Sc\u00e9nographie et soclage","article_modified_time":"2026-01-30T17:26:20+00:00","og_image":[{"url":"http:\/\/propono.fr\/wp-content\/uploads\/2025\/07\/cropped-Copie-de-Sans-titre.png","type":"","width":"","height":""}],"twitter_card":"summary_large_image","twitter_misc":{"Dur\u00e9e de lecture estim\u00e9e":"1 minute"},"schema":{"@context":"https:\/\/schema.org","@graph":[{"@type":"WebPage","@id":"https:\/\/propono.fr\/index.php\/a-propos\/","url":"https:\/\/propono.fr\/index.php\/a-propos\/","name":"\u00c0 propos | Propono | Sc\u00e9nographie et soclage","isPartOf":{"@id":"https:\/\/propono.fr\/#website"},"primaryImageOfPage":{"@id":"https:\/\/propono.fr\/index.php\/a-propos\/#primaryimage"},"image":{"@id":"https:\/\/propono.fr\/index.php\/a-propos\/#primaryimage"},"thumbnailUrl":"http:\/\/propono.fr\/wp-content\/uploads\/2025\/07\/cropped-Copie-de-Sans-titre.png","datePublished":"2025-01-28T13:29:29+00:00","dateModified":"2026-01-30T17:26:20+00:00","description":"Propono est un atelier bas\u00e9 \u00e0 Bastia, sp\u00e9cialis\u00e9 en sc\u00e9nographie et soclage pour les mus\u00e9es, expositions et institutions culturelles.","breadcrumb":{"@id":"https:\/\/propono.fr\/index.php\/a-propos\/#breadcrumb"},"inLanguage":"fr-FR","potentialAction":[{"@type":"ReadAction","target":["https:\/\/propono.fr\/index.php\/a-propos\/"]}]},{"@type":"ImageObject","inLanguage":"fr-FR","@id":"https:\/\/propono.fr\/index.php\/a-propos\/#primaryimage","url":"https:\/\/propono.fr\/wp-content\/uploads\/2025\/07\/cropped-Copie-de-Sans-titre.png","contentUrl":"https:\/\/propono.fr\/wp-content\/uploads\/2025\/07\/cropped-Copie-de-Sans-titre.png","width":512,"height":512},{"@type":"BreadcrumbList","@id":"https:\/\/propono.fr\/index.php\/a-propos\/#breadcrumb","itemListElement":[{"@type":"ListItem","position":1,"name":"Accueil","item":"https:\/\/propono.fr\/"},{"@type":"ListItem","position":2,"name":"L&rsquo;entreprise"}]},{"@type":"WebSite","@id":"https:\/\/propono.fr\/#website","url":"https:\/\/propono.fr\/","name":"Propono - Sc\u00e9nographie et soclage","description":"","publisher":{"@id":"https:\/\/propono.fr\/#organization"},"potentialAction":[{"@type":"SearchAction","target":{"@type":"EntryPoint","urlTemplate":"https:\/\/propono.fr\/?s={search_term_string}"},"query-input":{"@type":"PropertyValueSpecification","valueRequired":true,"valueName":"search_term_string"}}],"inLanguage":"fr-FR"},{"@type":"Organization","@id":"https:\/\/propono.fr\/#organization","name":"Propono","url":"https:\/\/propono.fr\/","logo":{"@type":"ImageObject","inLanguage":"fr-FR","@id":"https:\/\/propono.fr\/#\/schema\/logo\/image\/","url":"https:\/\/propono.fr\/wp-content\/uploads\/2025\/01\/propono-500-x-250-px-1.png","contentUrl":"https:\/\/propono.fr\/wp-content\/uploads\/2025\/01\/propono-500-x-250-px-1.png","width":1563,"height":469,"caption":"Propono"},"image":{"@id":"https:\/\/propono.fr\/#\/schema\/logo\/image\/"}}]}},"_links":{"self":[{"href":"https:\/\/propono.fr\/index.php\/wp-json\/wp\/v2\/pages\/31","targetHints":{"allow":["GET"]}}],"collection":[{"href":"https:\/\/propono.fr\/index.php\/wp-json\/wp\/v2\/pages"}],"about":[{"href":"https:\/\/propono.fr\/index.php\/wp-json\/wp\/v2\/types\/page"}],"author":[{"embeddable":true,"href":"https:\/\/propono.fr\/index.php\/wp-json\/wp\/v2\/users\/1"}],"replies":[{"embeddable":true,"href":"https:\/\/propono.fr\/index.php\/wp-json\/wp\/v2\/comments?post=31"}],"version-history":[{"count":295,"href":"https:\/\/propono.fr\/index.php\/wp-json\/wp\/v2\/pages\/31\/revisions"}],"predecessor-version":[{"id":2199,"href":"https:\/\/propono.fr\/index.php\/wp-json\/wp\/v2\/pages\/31\/revisions\/2199"}],"wp:attachment":[{"href":"https:\/\/propono.fr\/index.php\/wp-json\/wp\/v2\/media?parent=31"}],"curies":[{"name":"wp","href":"https:\/\/api.w.org\/{rel}","templated":true}]}}